{"id":3311,"date":"2022-10-17T20:07:55","date_gmt":"2022-10-17T20:07:55","guid":{"rendered":"https:\/\/work.sokhotrinh.com\/?page_id=3311"},"modified":"2023-02-26T17:13:16","modified_gmt":"2023-02-26T17:13:16","slug":"a-propos-dr-passion","status":"publish","type":"page","link":"https:\/\/work.sokhotrinh.com\/fr\/a-propos-dr-passion","title":{"rendered":"A PROPOS Dr Passion"},"content":{"rendered":"<p>[vc_row full_width=\u00a0\u00bbstretch_row_content\u00a0\u00bb full_height=\u00a0\u00bbyes\u00a0\u00bb equal_height=\u00a0\u00bbyes\u00a0\u00bb content_placement=\u00a0\u00bbmiddle\u00a0\u00bb css=\u00a0\u00bb.vc_custom_1649597709684{margin-top: 10% !important;padding-right: 10% !important;padding-left: 10% !important;}\u00a0\u00bb][vc_column width=\u00a0\u00bb2\/3&Prime; css=\u00a0\u00bb.vc_custom_1649597109527{padding-top: 50px !important;padding-bottom: 50px !important;}\u00a0\u00bb][vc_custom_heading text=\u00a0\u00bbQUI EST DR. PASSION\u00a0\u00bb use_theme_fonts=\u00a0\u00bbyes\u00a0\u00bb][vc_column_text]Le Cabinet Dr. Passion offre un coaching sur mesure en d\u00e9veloppement personnel, leadership et management des \u00e9quipes.<\/p>\n<p>Nous accompagnons notamment les personnes et les entreprises qui veulent agir pour mener une vie \u00e9panouie, r\u00e9ussie et heureuse.<\/p>\n<p>Nous vous guidons et vous accompagnons dans un voyage de d\u00e9couverte de soi et de d\u00e9veloppement personnel. Nous donnons aux individus et aux \u00e9quipes les moyens de construire et de maintenir des relations positives, d\u2019am\u00e9liorer leur bien-\u00eatre, la culture d\u2019entreprise et mener un changement positif conduisant rapidement \u00e0 des \u00e9quipes plus performantes, \u00e0 la croissance et au succ\u00e8s des entreprises.<\/p>\n<p>Les cadres, managers et dirigeants de tous types d\u2019entreprises b\u00e9n\u00e9ficient de notre expertise et exp\u00e9rience dans le coaching de changement et d\u00e9veloppement organisationnel et\/ou culturel, avec un accompagnement pratique allant de la strat\u00e9gie, la planification, jusqu\u2019\u00e0 la mise en \u0153uvre et le d\u00e9ploiement, afin de favoriser la coh\u00e9sion d\u2019\u00e9quipes solides et performantes.<\/p>\n<p>Les Responsables Formation s\u2019appuient sur notre excellence acad\u00e9mique et notre approche fond\u00e9e sur la psychologie positive, soutenue par des mod\u00e8les et outils scientifiques exclusifs et \u00e9prouv\u00e9s, d\u00e9velopp\u00e9s par Dr. Passion au travers de son exp\u00e9rience, ses recherches et son parcours acad\u00e9mique.<\/p>\n<p>Les responsables RH ont confiance en notre solide exp\u00e9rience en mati\u00e8re d\u2019identification des talents \u00e0 l\u2019aide d\u2019outils de psychom\u00e9trie et de mesure individuelle et en soutien lors d\u2019initiatives de team building, facilit\u00e9es par un coaching pratique et cr\u00e9atif, en pr\u00e9sentiel comme en ligne.<\/p>\n<p>Nous vous accompagnons dans chacune de ces \u00e9tapes de d\u00e9couverte de soi et de d\u00e9veloppement du leadership. Du manager au leader, de l\u2019employ\u00e9 \u00e0 l\u2019entrepreneur, ou de l\u2019\u00e9tudiant au professionnel, nous vous encourageons \u00e0 vous \u00e9panouir, \u00e0 r\u00e9ussir et \u00e0 \u00eatre heureux.<\/p>\n<p>A un niveau plus personnel, nous proposons \u00e9galement un accompagnement au changement en soutenant les personnes qui ont le sentiment d\u2019avoir perdu leur raison d\u2019\u00eatre, d\u2019avoir atteint un plateau dans leur carri\u00e8re, qui doutent d\u2019elles-m\u00eames, qui souffrent de stress, se d\u00e9valorisent ou sont victimes de comportements toxiques. Nous pouvons vous aider \u00e0 vous red\u00e9couvrir, \u00e0 trouver votre objectif de vie et de carri\u00e8re et \u00e0 vivre votre passion.<\/p>\n<p>En tant que coach accr\u00e9dit\u00e9 PCC (Coach Professionnel Certifi\u00e9 par l\u2019ICF) Sok-Ho Trinh, alias Dr. Passion, offre aussi des sessions de coaching \/ mentorat requises par l\u2019ICF pour les futurs coachs et les coachs professionnels en cours d\u2019accr\u00e9ditation ACC et PCC de la F\u00e9d\u00e9ration Internationale de Coaching.<\/p>\n<p>En tant qu&rsquo;universitaire, Sok-Ho aide \u00e9galement les \u00e9tudiants de doctorat, de MBA et de troisi\u00e8me cycle, les anciens \u00e9tudiants et les praticiens de l&rsquo;industrie dans leurs recherches universitaires en supervisant leurs projets de recherche scientifique, de recherche et d\u00e9veloppement, et \u00e9value les th\u00e8ses et les publications pr\u00e9vues.<\/p>\n<p>Dr. Passion propose des sessions enti\u00e8rement en ligne et\/ou en pr\u00e9sentiel, reposant sur un r\u00e9seau mondial de coachs seniors affili\u00e9s au cabinet, d&rsquo;experts en leadership et de scientifiques en science sociale et comportementale.<\/p>\n<p>Nous serions ravis de parler de votre projet<\/p>\n<p>OSER. CHANGER. R\u00c9USSIR[\/vc_column_text][\/vc_column][vc_column width=\u00a0\u00bb1\/3&Prime; css=\u00a0\u00bb.vc_custom_1655678829479{margin-top: 0px !important;border-top-width: 0px !important;padding-top: 0px !important;}\u00a0\u00bb][vc_single_image image=\u00a0\u00bb2832&Prime; img_size=\u00a0\u00bb600 x 900&Prime; alignment=\u00a0\u00bbright\u00a0\u00bb css=\u00a0\u00bb.vc_custom_1666049165244{margin-top: 0px !important;border-top-width: 0px !important;padding-top: 0px !important;background-image: url(https:\/\/work.sokhotrinh.com\/wp-content\/uploads\/2022\/06\/behind_DrP2_crop.jpeg?id=2271) !important;}\u00a0\u00bb][vc_empty_space height=\u00a0\u00bb20px\u00a0\u00bb hide_on_mobile=\u00a0\u00bb\u00a0\u00bb][vc_row_inner][vc_column_inner][vc_btn title=\u00a0\u00bbRETOUR LIBRAIRIE\u00a0\u00bb shape=\u00a0\u00bbsquare\u00a0\u00bb color=\u00a0\u00bbblack\u00a0\u00bb align=\u00a0\u00bbcenter\u00a0\u00bb button_block=\u00a0\u00bbtrue\u00a0\u00bb link=\u00a0\u00bburl:https%3A%2F%2Fwork.sokhotrinh.com%2Ffr%2Fbibliotheque|title:Biblioth%C3%A8que||\u00a0\u00bb][\/vc_column_inner][vc_column_inner offset=\u00a0\u00bbvc_col-lg-6&Prime;][vc_btn title=\u00a0\u00bbCONTACT\u00a0\u00bb shape=\u00a0\u00bbsquare\u00a0\u00bb color=\u00a0\u00bbjuicy-pink\u00a0\u00bb align=\u00a0\u00bbcenter\u00a0\u00bb button_block=\u00a0\u00bbtrue\u00a0\u00bb link=\u00a0\u00bburl:https%3A%2F%2Fwork.sokhotrinh.com%2Ffr%2Fcontact-individu|title:Contact%20individu||\u00a0\u00bb][\/vc_column_inner][vc_column_inner offset=\u00a0\u00bbvc_col-lg-6&Prime;][vc_btn title=\u00a0\u00bbOSER\u00a0\u00bb shape=\u00a0\u00bbsquare\u00a0\u00bb color=\u00a0\u00bbinverse\u00a0\u00bb align=\u00a0\u00bbcenter\u00a0\u00bb button_block=\u00a0\u00bbtrue\u00a0\u00bb link=\u00a0\u00bburl:https%3A%2F%2Fwork.sokhotrinh.com%2Ffr%2Foser-vivre-avec-passion|title:OSER%20%E2%80%93%20Vivre%20avec%20passion||\u00a0\u00bb][vc_btn title=\u00a0\u00bbCHANGER\u00a0\u00bb shape=\u00a0\u00bbsquare\u00a0\u00bb color=\u00a0\u00bbinverse\u00a0\u00bb align=\u00a0\u00bbcenter\u00a0\u00bb button_block=\u00a0\u00bbtrue\u00a0\u00bb link=\u00a0\u00bburl:https%3A%2F%2Fwork.sokhotrinh.com%2Ffr%2Fchanger-travailler-avec-objectif|title:Changer-%20Travailler%20avec%20objectif||\u00a0\u00bb][vc_btn title=\u00a0\u00bbREUSSIR\u00a0\u00bb shape=\u00a0\u00bbsquare\u00a0\u00bb color=\u00a0\u00bbinverse\u00a0\u00bb align=\u00a0\u00bbcenter\u00a0\u00bb button_block=\u00a0\u00bbtrue\u00a0\u00bb link=\u00a0\u00bburl:https%3A%2F%2Fwork.sokhotrinh.com%2Ffr%2Freussir-pourquoi-dr-passion|title:REUSSIR-Coaching%20Organisations||\u00a0\u00bb][\/vc_column_inner][\/vc_row_inner][\/vc_column][\/vc_row]<\/p>\n","protected":false},"excerpt":{"rendered":"<p>[vc_row full_width=\u00a0\u00bbstretch_row_content\u00a0\u00bb full_height=\u00a0\u00bbyes\u00a0\u00bb equal_height=\u00a0\u00bbyes\u00a0\u00bb content_placement=\u00a0\u00bbmiddle\u00a0\u00bb css=\u00a0\u00bb.vc_custom_1649597709684{margin-top: 10% !important;padding-right: 10% !important;padding-left: 10% !important;}\u00a0\u00bb][vc_column width=\u00a0\u00bb2\/3&Prime; css=\u00a0\u00bb.vc_custom_1649597109527{padding-top: 50px !important;padding-bottom: 50px !important;}\u00a0\u00bb][vc_custom_heading text=\u00a0\u00bbQUI EST DR. PASSION\u00a0\u00bb use_theme_fonts=\u00a0\u00bbyes\u00a0\u00bb][vc_column_text]Le Cabinet Dr. Passion offre un coaching sur mesure en d\u00e9veloppement personnel, leadership et management des \u00e9quipes. Nous accompagnons notamment les personnes et les entreprises qui veulent agir pour mener une vie \u00e9panouie, r\u00e9ussie et heureuse. Nous vous&hellip;<\/p>\n","protected":false},"author":1,"featured_media":0,"parent":0,"menu_order":0,"comment_status":"closed","ping_status":"closed","template":"","meta":{"content-type":"","_monsterinsights_skip_tracking":false,"_monsterinsights_sitenote_active":false,"_monsterinsights_sitenote_note":"","_monsterinsights_sitenote_category":0,"_EventAllDay":false,"_EventTimezone":"","_EventStartDate":"","_EventEndDate":"","_EventStartDateUTC":"","_EventEndDateUTC":"","_EventShowMap":false,"_EventShowMapLink":false,"_EventURL":"","_EventCost":"","_EventCostDescription":"","_EventCurrencySymbol":"","_EventCurrencyCode":"","_EventCurrencyPosition":"","_EventDateTimeSeparator":"","_EventTimeRangeSeparator":"","_EventOrganizerID":[],"_EventVenueID":0,"_OrganizerEmail":"","_OrganizerPhone":"","_OrganizerWebsite":"","_VenueAddress":"","_VenueCity":"","_VenueCountry":"","_VenueProvince":"","_VenueZip":"","_VenuePhone":"","_VenueURL":"","_VenueStateProvince":"","_VenueLat":"","_VenueLng":""},"yoast_head":"<!-- This site is optimized with the Yoast SEO plugin v19.7.1 - https:\/\/yoast.com\/wordpress\/plugins\/seo\/ -->\n<title>Sok-Ho Trinh | Live With Purpose And Passion | Finding Purpose<\/title>\n<meta name=\"description\" content=\"Dr Passion combines professional coaching with academic theory and practical action. Discover your purpose to make change and drive success.\" \/>\n<meta name=\"robots\" content=\"index, follow, max-snippet:-1, max-image-preview:large, max-video-preview:-1\" \/>\n<link rel=\"canonical\" href=\"https:\/\/work.sokhotrinh.com\/fr\/a-propos-dr-passion\" \/>\n<meta property=\"og:locale\" content=\"fr_FR\" \/>\n<meta property=\"og:type\" content=\"article\" \/>\n<meta property=\"og:title\" content=\"Sok-Ho Trinh | Live With Purpose And Passion | Finding Purpose\" \/>\n<meta property=\"og:description\" content=\"Dr Passion combines professional coaching with academic theory and practical action. Discover your purpose to make change and drive success.\" \/>\n<meta property=\"og:url\" content=\"https:\/\/work.sokhotrinh.com\/fr\/a-propos-dr-passion\" \/>\n<meta property=\"og:site_name\" content=\"Sok-Ho Trinh\" \/>\n<meta property=\"article:modified_time\" content=\"2023-02-26T17:13:16+00:00\" \/>\n<meta name=\"twitter:card\" content=\"summary_large_image\" \/>\n<meta name=\"twitter:label1\" content=\"Dur\u00e9e de lecture estim\u00e9e\" \/>\n\t<meta name=\"twitter:data1\" content=\"3 minutes\" \/>\n<script type=\"application\/ld+json\" class=\"yoast-schema-graph\">{\"@context\":\"https:\/\/schema.org\",\"@graph\":[{\"@type\":\"WebPage\",\"@id\":\"https:\/\/work.sokhotrinh.com\/fr\/a-propos-dr-passion\",\"url\":\"https:\/\/work.sokhotrinh.com\/fr\/a-propos-dr-passion\",\"name\":\"Sok-Ho Trinh | Live With Purpose And Passion | Finding Purpose\",\"isPartOf\":{\"@id\":\"https:\/\/work.sokhotrinh.com\/fr#website\"},\"datePublished\":\"2022-10-17T20:07:55+00:00\",\"dateModified\":\"2023-02-26T17:13:16+00:00\",\"description\":\"Dr Passion combines professional coaching with academic theory and practical action. Discover your purpose to make change and drive success.\",\"breadcrumb\":{\"@id\":\"https:\/\/work.sokhotrinh.com\/fr\/a-propos-dr-passion#breadcrumb\"},\"inLanguage\":\"fr-FR\",\"potentialAction\":[{\"@type\":\"ReadAction\",\"target\":[\"https:\/\/work.sokhotrinh.com\/fr\/a-propos-dr-passion\"]}]},{\"@type\":\"BreadcrumbList\",\"@id\":\"https:\/\/work.sokhotrinh.com\/fr\/a-propos-dr-passion#breadcrumb\",\"itemListElement\":[{\"@type\":\"ListItem\",\"position\":1,\"name\":\"Home\",\"item\":\"https:\/\/work.sokhotrinh.com\/fr\"},{\"@type\":\"ListItem\",\"position\":2,\"name\":\"A PROPOS Dr Passion\"}]},{\"@type\":\"WebSite\",\"@id\":\"https:\/\/work.sokhotrinh.com\/fr#website\",\"url\":\"https:\/\/work.sokhotrinh.com\/fr\",\"name\":\"Sok-Ho Trinh\",\"description\":\"Passionologist | Coach | Social scientist\u00a0\",\"publisher\":{\"@id\":\"https:\/\/work.sokhotrinh.com\/fr#organization\"},\"potentialAction\":[{\"@type\":\"SearchAction\",\"target\":{\"@type\":\"EntryPoint\",\"urlTemplate\":\"https:\/\/work.sokhotrinh.com\/fr?s={search_term_string}\"},\"query-input\":\"required name=search_term_string\"}],\"inLanguage\":\"fr-FR\"},{\"@type\":\"Organization\",\"@id\":\"https:\/\/work.sokhotrinh.com\/fr#organization\",\"name\":\"Sok-Ho Trinh | Live With Purpose And Passion\",\"url\":\"https:\/\/work.sokhotrinh.com\/fr\",\"sameAs\":[],\"logo\":{\"@type\":\"ImageObject\",\"inLanguage\":\"fr-FR\",\"@id\":\"https:\/\/work.sokhotrinh.com\/fr#\/schema\/logo\/image\/\",\"url\":\"https:\/\/work.sokhotrinh.com\/wp-content\/uploads\/2020\/04\/Sokhotrinh.com-logos-SIMPE-web.png\",\"contentUrl\":\"https:\/\/work.sokhotrinh.com\/wp-content\/uploads\/2020\/04\/Sokhotrinh.com-logos-SIMPE-web.png\",\"width\":2500,\"height\":600,\"caption\":\"Sok-Ho Trinh | Live With Purpose And Passion\"},\"image\":{\"@id\":\"https:\/\/work.sokhotrinh.com\/fr#\/schema\/logo\/image\/\"}}]}<\/script>\n<!-- \/ Yoast SEO plugin. -->","yoast_head_json":{"title":"Sok-Ho Trinh | Live With Purpose And Passion | Finding Purpose","description":"Dr Passion combines professional coaching with academic theory and practical action. Discover your purpose to make change and drive success.","robots":{"index":"index","follow":"follow","max-snippet":"max-snippet:-1","max-image-preview":"max-image-preview:large","max-video-preview":"max-video-preview:-1"},"canonical":"https:\/\/work.sokhotrinh.com\/fr\/a-propos-dr-passion","og_locale":"fr_FR","og_type":"article","og_title":"Sok-Ho Trinh | Live With Purpose And Passion | Finding Purpose","og_description":"Dr Passion combines professional coaching with academic theory and practical action. Discover your purpose to make change and drive success.","og_url":"https:\/\/work.sokhotrinh.com\/fr\/a-propos-dr-passion","og_site_name":"Sok-Ho Trinh","article_modified_time":"2023-02-26T17:13:16+00:00","twitter_card":"summary_large_image","twitter_misc":{"Dur\u00e9e de lecture estim\u00e9e":"3 minutes"},"schema":{"@context":"https:\/\/schema.org","@graph":[{"@type":"WebPage","@id":"https:\/\/work.sokhotrinh.com\/fr\/a-propos-dr-passion","url":"https:\/\/work.sokhotrinh.com\/fr\/a-propos-dr-passion","name":"Sok-Ho Trinh | Live With Purpose And Passion | Finding Purpose","isPartOf":{"@id":"https:\/\/work.sokhotrinh.com\/fr#website"},"datePublished":"2022-10-17T20:07:55+00:00","dateModified":"2023-02-26T17:13:16+00:00","description":"Dr Passion combines professional coaching with academic theory and practical action. Discover your purpose to make change and drive success.","breadcrumb":{"@id":"https:\/\/work.sokhotrinh.com\/fr\/a-propos-dr-passion#breadcrumb"},"inLanguage":"fr-FR","potentialAction":[{"@type":"ReadAction","target":["https:\/\/work.sokhotrinh.com\/fr\/a-propos-dr-passion"]}]},{"@type":"BreadcrumbList","@id":"https:\/\/work.sokhotrinh.com\/fr\/a-propos-dr-passion#breadcrumb","itemListElement":[{"@type":"ListItem","position":1,"name":"Home","item":"https:\/\/work.sokhotrinh.com\/fr"},{"@type":"ListItem","position":2,"name":"A PROPOS Dr Passion"}]},{"@type":"WebSite","@id":"https:\/\/work.sokhotrinh.com\/fr#website","url":"https:\/\/work.sokhotrinh.com\/fr","name":"Sok-Ho Trinh","description":"Passionologist | Coach | Social scientist\u00a0","publisher":{"@id":"https:\/\/work.sokhotrinh.com\/fr#organization"},"potentialAction":[{"@type":"SearchAction","target":{"@type":"EntryPoint","urlTemplate":"https:\/\/work.sokhotrinh.com\/fr?s={search_term_string}"},"query-input":"required name=search_term_string"}],"inLanguage":"fr-FR"},{"@type":"Organization","@id":"https:\/\/work.sokhotrinh.com\/fr#organization","name":"Sok-Ho Trinh | Live With Purpose And Passion","url":"https:\/\/work.sokhotrinh.com\/fr","sameAs":[],"logo":{"@type":"ImageObject","inLanguage":"fr-FR","@id":"https:\/\/work.sokhotrinh.com\/fr#\/schema\/logo\/image\/","url":"https:\/\/work.sokhotrinh.com\/wp-content\/uploads\/2020\/04\/Sokhotrinh.com-logos-SIMPE-web.png","contentUrl":"https:\/\/work.sokhotrinh.com\/wp-content\/uploads\/2020\/04\/Sokhotrinh.com-logos-SIMPE-web.png","width":2500,"height":600,"caption":"Sok-Ho Trinh | Live With Purpose And Passion"},"image":{"@id":"https:\/\/work.sokhotrinh.com\/fr#\/schema\/logo\/image\/"}}]}},"_links":{"self":[{"href":"https:\/\/work.sokhotrinh.com\/fr\/wp-json\/wp\/v2\/pages\/3311"}],"collection":[{"href":"https:\/\/work.sokhotrinh.com\/fr\/wp-json\/wp\/v2\/pages"}],"about":[{"href":"https:\/\/work.sokhotrinh.com\/fr\/wp-json\/wp\/v2\/types\/page"}],"author":[{"embeddable":true,"href":"https:\/\/work.sokhotrinh.com\/fr\/wp-json\/wp\/v2\/users\/1"}],"replies":[{"embeddable":true,"href":"https:\/\/work.sokhotrinh.com\/fr\/wp-json\/wp\/v2\/comments?post=3311"}],"version-history":[{"count":9,"href":"https:\/\/work.sokhotrinh.com\/fr\/wp-json\/wp\/v2\/pages\/3311\/revisions"}],"predecessor-version":[{"id":3612,"href":"https:\/\/work.sokhotrinh.com\/fr\/wp-json\/wp\/v2\/pages\/3311\/revisions\/3612"}],"wp:attachment":[{"href":"https:\/\/work.sokhotrinh.com\/fr\/wp-json\/wp\/v2\/media?parent=3311"}],"curies":[{"name":"wp","href":"https:\/\/api.w.org\/{rel}","templated":true}]}}