{"id":3317,"date":"2022-04-10T14:00:28","date_gmt":"2022-04-10T14:00:28","guid":{"rendered":"https:\/\/work.sokhotrinh.com\/?page_id=3317"},"modified":"2023-02-26T16:36:30","modified_gmt":"2023-02-26T16:36:30","slug":"reussir-pourquoi-dr-passion","status":"publish","type":"page","link":"https:\/\/work.sokhotrinh.com\/fr\/reussir-pourquoi-dr-passion","title":{"rendered":"REUSSIR-Pourquoi Dr Passion"},"content":{"rendered":"<p>[vc_section][vc_row full_width=\u00a0\u00bbstretch_row\u00a0\u00bb equal_height=\u00a0\u00bbyes\u00a0\u00bb css=\u00a0\u00bb.vc_custom_1658386230079{margin-top: 0px !important;padding-top: 50px !important;background-color: #000000 !important;}\u00a0\u00bb][vc_column css=\u00a0\u00bb.vc_custom_1649600771768{margin-top: 0px !important;margin-bottom: 0px !important;}\u00a0\u00bb][vc_custom_heading text=\u00a0\u00bbOSER . CHANGER . REUSSIR\u00a0\u00bb font_container=\u00a0\u00bbtag:h2|font_size:24|text_align:left|color:%23ffffff\u00a0\u00bb use_theme_fonts=\u00a0\u00bbyes\u00a0\u00bb css=\u00a0\u00bb.vc_custom_1671671621744{padding-top: 50px !important;}\u00a0\u00bb][\/vc_column][\/vc_row][vc_row full_width=\u00a0\u00bbstretch_row\u00a0\u00bb equal_height=\u00a0\u00bbyes\u00a0\u00bb content_placement=\u00a0\u00bbtop\u00a0\u00bb css=\u00a0\u00bb.vc_custom_1666139476712{margin-top: 0px !important;padding-top: 50px !important;padding-right: 20% !important;padding-bottom: 50px !important;padding-left: 20% !important;background-color: #000000 !important;}\u00a0\u00bb][vc_column width=\u00a0\u00bb1\/2&Prime; css=\u00a0\u00bb.vc_custom_1649600116981{margin-top: 0px !important;margin-bottom: 0px !important;border-bottom-width: 0px !important;padding-top: 0px !important;padding-right: 10% !important;padding-left: 10% !important;background-position: center !important;background-repeat: no-repeat !important;background-size: cover !important;}\u00a0\u00bb][vc_icon icon_fontawesome=\u00a0\u00bbicon-brush\u00a0\u00bb color=\u00a0\u00bbwhite\u00a0\u00bb background_style=\u00a0\u00bbboxed-outline\u00a0\u00bb background_color=\u00a0\u00bbjuicy_pink\u00a0\u00bb size=\u00a0\u00bbxl\u00a0\u00bb align=\u00a0\u00bbcenter\u00a0\u00bb][vc_column_text]<\/p>\n<h3 style=\"text-align: center;\"><span style=\"color: #cd1337;\">Coaching personnalis\u00e9 et flexible<\/span><\/h3>\n<h6 style=\"text-align: center;\"><span style=\"color: #ffffff;\">Des programmes individuels, d\u2019\u00e9quipe ou organisationnels pour relever des d\u00e9fis sp\u00e9cifiques, identifi\u00e9s lors de s\u00e9ances d\u00e9couverte de coaching. Visez le succ\u00e8s en trouvant et lib\u00e9rant votre passion dans la vie et dans votre carri\u00e8re, dans la fa\u00e7on dont vous vous dirigez et entra\u00eenez les autres. Personnalis\u00e9 et flexible, pour s\u2019adapter \u00e0 vous et \u00e0 votre dynamique d\u2019\u00e9quipe, et en utilisant la psychom\u00e9trie et des mod\u00e8les et mesures scientifiques.<\/span><\/h6>\n<p>[\/vc_column_text][\/vc_column][vc_column width=\u00a0\u00bb1\/2&Prime; css=\u00a0\u00bb.vc_custom_1649600126257{margin-top: 0px !important;margin-bottom: 0px !important;padding-top: 0px !important;padding-right: 10% !important;padding-bottom: 0px !important;padding-left: 10% !important;}\u00a0\u00bb][vc_icon icon_fontawesome=\u00a0\u00bbfas fa-atom\u00a0\u00bb color=\u00a0\u00bbwhite\u00a0\u00bb background_style=\u00a0\u00bbboxed-outline\u00a0\u00bb background_color=\u00a0\u00bbjuicy_pink\u00a0\u00bb size=\u00a0\u00bbxl\u00a0\u00bb align=\u00a0\u00bbcenter\u00a0\u00bb][vc_column_text]<\/p>\n<h3 style=\"text-align: center;\"><span style=\"color: #cd1337;\">Une combinaison de techniques approuv\u00e9es<\/span><\/h3>\n<h6 style=\"text-align: center;\"><span style=\"color: #ffffff;\"><span style=\"font-weight: 400;\">Exp\u00e9rimentez l\u2019impact positif de la science sociale et comportementale soutenue par des outils et des cadres de coaching exclusifs. Une combinaison de psychologie (cognitive, comportementale, industrielle-organisationnelle, personnalit\u00e9-psychom\u00e9trie, sociale, positive, coaching), de d\u00e9veloppement du leadership (management, sociologie, neuro-leadership, trait-comportement-spirituel), de techniques somatiques, cin\u00e9tiques et cr\u00e9atives bas\u00e9es sur la recherche.<\/span><\/span><\/h6>\n<p>[\/vc_column_text][\/vc_column][\/vc_row][vc_row full_width=\u00a0\u00bbstretch_row\u00a0\u00bb equal_height=\u00a0\u00bbyes\u00a0\u00bb content_placement=\u00a0\u00bbtop\u00a0\u00bb css=\u00a0\u00bb.vc_custom_1666139471044{margin-top: 0px !important;padding-top: 0px !important;padding-right: 20% !important;padding-bottom: 50px !important;padding-left: 20% !important;background-color: #000000 !important;}\u00a0\u00bb][vc_column width=\u00a0\u00bb1\/2&Prime; css=\u00a0\u00bb.vc_custom_1666139001731{margin-top: 0px !important;margin-bottom: 40px !important;border-bottom-width: 0px !important;padding-top: 0px !important;padding-right: 10% !important;padding-left: 10% !important;background-position: center !important;background-repeat: no-repeat !important;background-size: cover !important;}\u00a0\u00bb][vc_icon icon_fontawesome=\u00a0\u00bbicon-cogs\u00a0\u00bb color=\u00a0\u00bbwhite\u00a0\u00bb background_style=\u00a0\u00bbboxed-outline\u00a0\u00bb background_color=\u00a0\u00bbjuicy_pink\u00a0\u00bb size=\u00a0\u00bbxl\u00a0\u00bb align=\u00a0\u00bbcenter\u00a0\u00bb][vc_column_text]<\/p>\n<h3 style=\"text-align: center;\"><span style=\"color: #cd1337;\">Acc\u00e8s au savoir pratique<\/span><\/h3>\n<h6 style=\"text-align: center;\"><span style=\"font-weight: 400;\"><span style=\"color: #ffffff;\">Avec plus de 20 ans d\u2019exp\u00e9rience en entreprise, renforc\u00e9e par un parcours commercial, Dr. Passion parle \u201cvotre langage\u201d.<br \/>\nDes multinationales \u00e0 la PME jusqu\u2019\u00e0 l\u2019entrepreneur, qui que vous soyez, les programmes de coaching sur mesure de Dr. Passion s\u2019appuient sur cette exp\u00e9rience et cette connaissance pratico pratique de la fa\u00e7on dont nous communiquons avec les autres pour rendre votre exp\u00e9rience avec nous valorisante et pr\u00eat \u00e0 l\u2019emploi.<br \/>\n<\/span><\/span><\/h6>\n<p>[\/vc_column_text][\/vc_column][vc_column width=\u00a0\u00bb1\/2&Prime; css=\u00a0\u00bb.vc_custom_1649600153169{margin-top: 0px !important;margin-bottom: 0px !important;padding-top: 0px !important;padding-right: 10% !important;padding-bottom: 0px !important;padding-left: 10% !important;}\u00a0\u00bb][vc_icon icon_fontawesome=\u00a0\u00bbicon-params-light\u00a0\u00bb color=\u00a0\u00bbwhite\u00a0\u00bb background_style=\u00a0\u00bbboxed-outline\u00a0\u00bb background_color=\u00a0\u00bbjuicy_pink\u00a0\u00bb size=\u00a0\u00bbxl\u00a0\u00bb align=\u00a0\u00bbcenter\u00a0\u00bb][vc_column_text]<\/p>\n<h3 style=\"text-align: center;\"><span style=\"color: #cd1337;\">Apprentissage permanent<\/span><\/h3>\n<h6 style=\"text-align: center;\"><span style=\"color: #ffffff;\">Visitez notre biblioth\u00e8que et explorez les ressources, articles, interviews et podcasts de Dr. Passion.<\/span><br \/>\n<span style=\"color: #ffffff;\">Le parcours d\u2019apprentissage et le d\u00e9veloppement personnel ne doivent pas s\u2019arr\u00eater quand nos programmes se terminent.<br \/>\nRejoignez-nous et rencontrez d\u2019autres personnes passionn\u00e9es partageant les m\u00eames id\u00e9es.<\/span><\/h6>\n<h6 style=\"text-align: center;\"><span style=\"color: #ffffff;\">#DrPassionTalk, #DrPassionCast, #DrPassion #GLH.<\/span><\/h6>\n<p>[\/vc_column_text][\/vc_column][\/vc_row][\/vc_section][vc_row full_width=\u00a0\u00bbstretch_row\u00a0\u00bb equal_height=\u00a0\u00bbyes\u00a0\u00bb content_placement=\u00a0\u00bbmiddle\u00a0\u00bb css=\u00a0\u00bb.vc_custom_1658386420535{margin-top: 0px !important;padding-top: 50px !important;padding-right: 10% !important;padding-bottom: 50px !important;padding-left: 10% !important;background-color: #ffffff !important;}\u00a0\u00bb][vc_column width=\u00a0\u00bb1\/3&Prime; css=\u00a0\u00bb.vc_custom_1649598486838{margin-top: 0px !important;margin-bottom: 0px !important;padding-top: 0px !important;padding-bottom: 0px !important;background-position: center !important;background-repeat: no-repeat !important;background-size: cover !important;}\u00a0\u00bb][vc_single_image image=\u00a0\u00bb3403&Prime; img_size=\u00a0\u00bbfull\u00a0\u00bb style=\u00a0\u00bbvc_box_shadow\u00a0\u00bb onclick=\u00a0\u00bbcustom_link\u00a0\u00bb link=\u00a0\u00bbhttps:\/\/work.sokhotrinh.com\/fr\/contact-individu\u00a0\u00bb][\/vc_column][vc_column width=\u00a0\u00bb1\/3&Prime; css=\u00a0\u00bb.vc_custom_1649598668485{margin-top: 0px !important;margin-bottom: 0px !important;padding-top: 0px !important;padding-bottom: 0px !important;}\u00a0\u00bb][vc_single_image image=\u00a0\u00bb3558&Prime; img_size=\u00a0\u00bbfull\u00a0\u00bb alignment=\u00a0\u00bbcenter\u00a0\u00bb style=\u00a0\u00bbvc_box_shadow\u00a0\u00bb onclick=\u00a0\u00bbcustom_link\u00a0\u00bb link=\u00a0\u00bbhttps:\/\/work.sokhotrinh.com\/fr\/bibliotheque\u00a0\u00bb][\/vc_column][vc_column width=\u00a0\u00bb1\/3&Prime; css=\u00a0\u00bb.vc_custom_1649598673203{margin-top: 0px !important;margin-bottom: 0px !important;padding-top: 0px !important;padding-bottom: 0px !important;}\u00a0\u00bb][vc_single_image image=\u00a0\u00bb3415&Prime; img_size=\u00a0\u00bbfull\u00a0\u00bb style=\u00a0\u00bbvc_box_shadow\u00a0\u00bb onclick=\u00a0\u00bbcustom_link\u00a0\u00bb link=\u00a0\u00bbhttps:\/\/work.sokhotrinh.com\/fr\/coaching-organisations\u00a0\u00bb][\/vc_column][\/vc_row][vc_row full_width=\u00a0\u00bbstretch_row_content_no_spaces\u00a0\u00bb scheme=\u00a0\u00bblight\u00a0\u00bb el_class=\u00a0\u00bbwork_whith_us\u00a0\u00bb css=\u00a0\u00bb.vc_custom_1649604101293{padding-right: 6em !important;padding-bottom: 3em !important;padding-left: 6em !important;}\u00a0\u00bb][vc_column][vc_images_carousel images=\u00a0\u00bb1154,1153,1157,1156,1158,1164,1163,1162,1161,1160&Prime; img_size=\u00a0\u00bbfull\u00a0\u00bb onclick=\u00a0\u00bblink_no\u00a0\u00bb speed=\u00a0\u00bb4000&Prime; slides_per_view=\u00a0\u00bb5&Prime; autoplay=\u00a0\u00bbyes\u00a0\u00bb hide_pagination_control=\u00a0\u00bbyes\u00a0\u00bb hide_prev_next_buttons=\u00a0\u00bbyes\u00a0\u00bb wrap=\u00a0\u00bbyes\u00a0\u00bb][\/vc_column][\/vc_row]<\/p>\n","protected":false},"excerpt":{"rendered":"<p>[vc_section][vc_row full_width=\u00a0\u00bbstretch_row\u00a0\u00bb equal_height=\u00a0\u00bbyes\u00a0\u00bb css=\u00a0\u00bb.vc_custom_1658386230079{margin-top: 0px !important;padding-top: 50px !important;background-color: #000000 !important;}\u00a0\u00bb][vc_column css=\u00a0\u00bb.vc_custom_1649600771768{margin-top: 0px !important;margin-bottom: 0px !important;}\u00a0\u00bb][vc_custom_heading text=\u00a0\u00bbOSER . CHANGER . REUSSIR\u00a0\u00bb font_container=\u00a0\u00bbtag:h2|font_size:24|text_align:left|color:%23ffffff\u00a0\u00bb use_theme_fonts=\u00a0\u00bbyes\u00a0\u00bb css=\u00a0\u00bb.vc_custom_1671671621744{padding-top: 50px !important;}\u00a0\u00bb][\/vc_column][\/vc_row][vc_row full_width=\u00a0\u00bbstretch_row\u00a0\u00bb equal_height=\u00a0\u00bbyes\u00a0\u00bb content_placement=\u00a0\u00bbtop\u00a0\u00bb css=\u00a0\u00bb.vc_custom_1666139476712{margin-top: 0px !important;padding-top: 50px !important;padding-right: 20% !important;padding-bottom: 50px !important;padding-left: 20% !important;background-color: #000000 !important;}\u00a0\u00bb][vc_column width=\u00a0\u00bb1\/2&Prime; css=\u00a0\u00bb.vc_custom_1649600116981{margin-top: 0px !important;margin-bottom: 0px !important;border-bottom-width: 0px !important;padding-top: 0px !important;padding-right: 10% !important;padding-left: 10% !important;background-position: center !important;background-repeat: no-repeat !important;background-size: cover&hellip;<\/p>\n","protected":false},"author":1,"featured_media":0,"parent":0,"menu_order":0,"comment_status":"closed","ping_status":"closed","template":"","meta":{"content-type":"","_monsterinsights_skip_tracking":false,"_monsterinsights_sitenote_active":false,"_monsterinsights_sitenote_note":"","_monsterinsights_sitenote_category":0,"_EventAllDay":false,"_EventTimezone":"","_EventStartDate":"","_EventEndDate":"","_EventStartDateUTC":"","_EventEndDateUTC":"","_EventShowMap":false,"_EventShowMapLink":false,"_EventURL":"","_EventCost":"","_EventCostDescription":"","_EventCurrencySymbol":"","_EventCurrencyCode":"","_EventCurrencyPosition":"","_EventDateTimeSeparator":"","_EventTimeRangeSeparator":"","_EventOrganizerID":[],"_EventVenueID":0,"_OrganizerEmail":"","_OrganizerPhone":"","_OrganizerWebsite":"","_VenueAddress":"","_VenueCity":"","_VenueCountry":"","_VenueProvince":"","_VenueZip":"","_VenuePhone":"","_VenueURL":"","_VenueStateProvince":"","_VenueLat":"","_VenueLng":""},"yoast_head":"<!-- This site is optimized with the Yoast SEO plugin v19.7.1 - https:\/\/yoast.com\/wordpress\/plugins\/seo\/ -->\n<title>Sok-Ho Trinh | Live With Purpose And Passion | Dare . Change . Succeed<\/title>\n<meta name=\"description\" content=\"Dr Passion combines professional coaching with academic theory and practical action to drive change and success with individuals and within organisations.\" \/>\n<meta name=\"robots\" content=\"index, follow, max-snippet:-1, max-image-preview:large, max-video-preview:-1\" \/>\n<link rel=\"canonical\" href=\"https:\/\/work.sokhotrinh.com\/fr\/reussir-pourquoi-dr-passion\" \/>\n<meta property=\"og:locale\" content=\"fr_FR\" \/>\n<meta property=\"og:type\" content=\"article\" \/>\n<meta property=\"og:title\" content=\"Sok-Ho Trinh | Live With Purpose And Passion | Dare . Change . Succeed\" \/>\n<meta property=\"og:description\" content=\"Dr Passion combines professional coaching with academic theory and practical action to drive change and success with individuals and within organisations.\" \/>\n<meta property=\"og:url\" content=\"https:\/\/work.sokhotrinh.com\/fr\/reussir-pourquoi-dr-passion\" \/>\n<meta property=\"og:site_name\" content=\"Sok-Ho Trinh\" \/>\n<meta property=\"article:modified_time\" content=\"2023-02-26T16:36:30+00:00\" \/>\n<meta name=\"twitter:card\" content=\"summary_large_image\" \/>\n<meta name=\"twitter:label1\" content=\"Dur\u00e9e de lecture estim\u00e9e\" \/>\n\t<meta name=\"twitter:data1\" content=\"3 minutes\" \/>\n<script type=\"application\/ld+json\" class=\"yoast-schema-graph\">{\"@context\":\"https:\/\/schema.org\",\"@graph\":[{\"@type\":\"WebPage\",\"@id\":\"https:\/\/work.sokhotrinh.com\/fr\/reussir-pourquoi-dr-passion\",\"url\":\"https:\/\/work.sokhotrinh.com\/fr\/reussir-pourquoi-dr-passion\",\"name\":\"Sok-Ho Trinh | Live With Purpose And Passion | Dare . Change . Succeed\",\"isPartOf\":{\"@id\":\"https:\/\/work.sokhotrinh.com\/fr#website\"},\"datePublished\":\"2022-04-10T14:00:28+00:00\",\"dateModified\":\"2023-02-26T16:36:30+00:00\",\"description\":\"Dr Passion combines professional coaching with academic theory and practical action to drive change and success with individuals and within organisations.\",\"breadcrumb\":{\"@id\":\"https:\/\/work.sokhotrinh.com\/fr\/reussir-pourquoi-dr-passion#breadcrumb\"},\"inLanguage\":\"fr-FR\",\"potentialAction\":[{\"@type\":\"ReadAction\",\"target\":[\"https:\/\/work.sokhotrinh.com\/fr\/reussir-pourquoi-dr-passion\"]}]},{\"@type\":\"BreadcrumbList\",\"@id\":\"https:\/\/work.sokhotrinh.com\/fr\/reussir-pourquoi-dr-passion#breadcrumb\",\"itemListElement\":[{\"@type\":\"ListItem\",\"position\":1,\"name\":\"Home\",\"item\":\"https:\/\/work.sokhotrinh.com\/fr\"},{\"@type\":\"ListItem\",\"position\":2,\"name\":\"REUSSIR-Pourquoi Dr Passion\"}]},{\"@type\":\"WebSite\",\"@id\":\"https:\/\/work.sokhotrinh.com\/fr#website\",\"url\":\"https:\/\/work.sokhotrinh.com\/fr\",\"name\":\"Sok-Ho Trinh\",\"description\":\"Passionologist | Coach | Social scientist\u00a0\",\"publisher\":{\"@id\":\"https:\/\/work.sokhotrinh.com\/fr#organization\"},\"potentialAction\":[{\"@type\":\"SearchAction\",\"target\":{\"@type\":\"EntryPoint\",\"urlTemplate\":\"https:\/\/work.sokhotrinh.com\/fr?s={search_term_string}\"},\"query-input\":\"required name=search_term_string\"}],\"inLanguage\":\"fr-FR\"},{\"@type\":\"Organization\",\"@id\":\"https:\/\/work.sokhotrinh.com\/fr#organization\",\"name\":\"Sok-Ho Trinh | Live With Purpose And Passion\",\"url\":\"https:\/\/work.sokhotrinh.com\/fr\",\"sameAs\":[],\"logo\":{\"@type\":\"ImageObject\",\"inLanguage\":\"fr-FR\",\"@id\":\"https:\/\/work.sokhotrinh.com\/fr#\/schema\/logo\/image\/\",\"url\":\"https:\/\/work.sokhotrinh.com\/wp-content\/uploads\/2020\/04\/Sokhotrinh.com-logos-SIMPE-web.png\",\"contentUrl\":\"https:\/\/work.sokhotrinh.com\/wp-content\/uploads\/2020\/04\/Sokhotrinh.com-logos-SIMPE-web.png\",\"width\":2500,\"height\":600,\"caption\":\"Sok-Ho Trinh | Live With Purpose And Passion\"},\"image\":{\"@id\":\"https:\/\/work.sokhotrinh.com\/fr#\/schema\/logo\/image\/\"}}]}<\/script>\n<!-- \/ Yoast SEO plugin. -->","yoast_head_json":{"title":"Sok-Ho Trinh | Live With Purpose And Passion | Dare . Change . Succeed","description":"Dr Passion combines professional coaching with academic theory and practical action to drive change and success with individuals and within organisations.","robots":{"index":"index","follow":"follow","max-snippet":"max-snippet:-1","max-image-preview":"max-image-preview:large","max-video-preview":"max-video-preview:-1"},"canonical":"https:\/\/work.sokhotrinh.com\/fr\/reussir-pourquoi-dr-passion","og_locale":"fr_FR","og_type":"article","og_title":"Sok-Ho Trinh | Live With Purpose And Passion | Dare . Change . Succeed","og_description":"Dr Passion combines professional coaching with academic theory and practical action to drive change and success with individuals and within organisations.","og_url":"https:\/\/work.sokhotrinh.com\/fr\/reussir-pourquoi-dr-passion","og_site_name":"Sok-Ho Trinh","article_modified_time":"2023-02-26T16:36:30+00:00","twitter_card":"summary_large_image","twitter_misc":{"Dur\u00e9e de lecture estim\u00e9e":"3 minutes"},"schema":{"@context":"https:\/\/schema.org","@graph":[{"@type":"WebPage","@id":"https:\/\/work.sokhotrinh.com\/fr\/reussir-pourquoi-dr-passion","url":"https:\/\/work.sokhotrinh.com\/fr\/reussir-pourquoi-dr-passion","name":"Sok-Ho Trinh | Live With Purpose And Passion | Dare . Change . Succeed","isPartOf":{"@id":"https:\/\/work.sokhotrinh.com\/fr#website"},"datePublished":"2022-04-10T14:00:28+00:00","dateModified":"2023-02-26T16:36:30+00:00","description":"Dr Passion combines professional coaching with academic theory and practical action to drive change and success with individuals and within organisations.","breadcrumb":{"@id":"https:\/\/work.sokhotrinh.com\/fr\/reussir-pourquoi-dr-passion#breadcrumb"},"inLanguage":"fr-FR","potentialAction":[{"@type":"ReadAction","target":["https:\/\/work.sokhotrinh.com\/fr\/reussir-pourquoi-dr-passion"]}]},{"@type":"BreadcrumbList","@id":"https:\/\/work.sokhotrinh.com\/fr\/reussir-pourquoi-dr-passion#breadcrumb","itemListElement":[{"@type":"ListItem","position":1,"name":"Home","item":"https:\/\/work.sokhotrinh.com\/fr"},{"@type":"ListItem","position":2,"name":"REUSSIR-Pourquoi Dr Passion"}]},{"@type":"WebSite","@id":"https:\/\/work.sokhotrinh.com\/fr#website","url":"https:\/\/work.sokhotrinh.com\/fr","name":"Sok-Ho Trinh","description":"Passionologist | Coach | Social scientist\u00a0","publisher":{"@id":"https:\/\/work.sokhotrinh.com\/fr#organization"},"potentialAction":[{"@type":"SearchAction","target":{"@type":"EntryPoint","urlTemplate":"https:\/\/work.sokhotrinh.com\/fr?s={search_term_string}"},"query-input":"required name=search_term_string"}],"inLanguage":"fr-FR"},{"@type":"Organization","@id":"https:\/\/work.sokhotrinh.com\/fr#organization","name":"Sok-Ho Trinh | Live With Purpose And Passion","url":"https:\/\/work.sokhotrinh.com\/fr","sameAs":[],"logo":{"@type":"ImageObject","inLanguage":"fr-FR","@id":"https:\/\/work.sokhotrinh.com\/fr#\/schema\/logo\/image\/","url":"https:\/\/work.sokhotrinh.com\/wp-content\/uploads\/2020\/04\/Sokhotrinh.com-logos-SIMPE-web.png","contentUrl":"https:\/\/work.sokhotrinh.com\/wp-content\/uploads\/2020\/04\/Sokhotrinh.com-logos-SIMPE-web.png","width":2500,"height":600,"caption":"Sok-Ho Trinh | Live With Purpose And Passion"},"image":{"@id":"https:\/\/work.sokhotrinh.com\/fr#\/schema\/logo\/image\/"}}]}},"_links":{"self":[{"href":"https:\/\/work.sokhotrinh.com\/fr\/wp-json\/wp\/v2\/pages\/3317"}],"collection":[{"href":"https:\/\/work.sokhotrinh.com\/fr\/wp-json\/wp\/v2\/pages"}],"about":[{"href":"https:\/\/work.sokhotrinh.com\/fr\/wp-json\/wp\/v2\/types\/page"}],"author":[{"embeddable":true,"href":"https:\/\/work.sokhotrinh.com\/fr\/wp-json\/wp\/v2\/users\/1"}],"replies":[{"embeddable":true,"href":"https:\/\/work.sokhotrinh.com\/fr\/wp-json\/wp\/v2\/comments?post=3317"}],"version-history":[{"count":11,"href":"https:\/\/work.sokhotrinh.com\/fr\/wp-json\/wp\/v2\/pages\/3317\/revisions"}],"predecessor-version":[{"id":3609,"href":"https:\/\/work.sokhotrinh.com\/fr\/wp-json\/wp\/v2\/pages\/3317\/revisions\/3609"}],"wp:attachment":[{"href":"https:\/\/work.sokhotrinh.com\/fr\/wp-json\/wp\/v2\/media?parent=3317"}],"curies":[{"name":"wp","href":"https:\/\/api.w.org\/{rel}","templated":true}]}}