{"id":3320,"date":"2022-10-03T08:43:26","date_gmt":"2022-10-03T08:43:26","guid":{"rendered":"https:\/\/work.sokhotrinh.com\/?page_id=3320"},"modified":"2023-03-14T23:59:18","modified_gmt":"2023-03-14T23:59:18","slug":"oser-vivre-avec-passion","status":"publish","type":"page","link":"https:\/\/work.sokhotrinh.com\/fr\/oser-vivre-avec-passion","title":{"rendered":"OSER &#8211; Vivre avec passion"},"content":{"rendered":"<p>[vc_row equal_height=\u00a0\u00bbyes\u00a0\u00bb content_placement=\u00a0\u00bbmiddle\u00a0\u00bb css=\u00a0\u00bb.vc_custom_1664555281353{margin-top: 10% !important;padding-right: 10% !important;padding-left: 10% !important;}\u00a0\u00bb][vc_column width=\u00a0\u00bb2\/3&Prime; css=\u00a0\u00bb.vc_custom_1649597109527{padding-top: 50px !important;padding-bottom: 50px !important;}\u00a0\u00bb][vc_custom_heading text=\u00a0\u00bbVIVRE AVEC PASSION\u00a0\u00bb font_container=\u00a0\u00bbtag:h2|font_size:24|text_align:left\u00a0\u00bb use_theme_fonts=\u00a0\u00bbyes\u00a0\u00bb][vc_column_text]<\/p>\n<h6><span style=\"font-weight: 400;\">De la Gr\u00e8ce antique au christianisme du IVe si\u00e8cle, des philosophes du XVIIe si\u00e8cle aux universitaires du XXIe si\u00e8cle, la passion a \u00e9t\u00e9 d\u00e9crite comme une perte de contr\u00f4le, un moteur dysfonctionnel, une \u00e9nergie motivante. Les recherches montrent ensuite que la passion se pr\u00e9sente comme une \u00e9nergie \u201csemblable au feu\u201d qui alimente nos actions, nos comportements et nos r\u00e9ponses aux autres.<\/span><\/h6>\n<h6><span style=\"font-weight: 400;\">Cette \u00e9nergie de type \u201cfeu\u201d est-elle la raison de la motivation des leaders mondiaux, des athl\u00e8tes d&rsquo;\u00e9lite, des artistes c\u00e9l\u00e8bres et des mod\u00e8les acclam\u00e9s qui atteignent les sommets de leur domaine de pr\u00e9dilection et deviennent des superstars \u00e0 leur mani\u00e8re et selon leurs propres termes? Pensez \u00e0 Serena Williams, Elon Musk, Steve Jobs, Marie Kondo, Cristiano Ronaldo ou m\u00eame BTS. Ces noms sont reconnus dans le monde entier par des personnes de tous \u00e2ges. On se souvient d&rsquo;eux pour avoir chang\u00e9 le statu quo, pour avoir laiss\u00e9 une trace dans nos livres d&rsquo;histoire, ayant os\u00e9 d\u00e9fier la norme, en restant fid\u00e8les \u00e0 eux-m\u00eames et \u00e0 leur passion pour ce qu&rsquo;ils font. Ce sont des leaders dans leur domaine.<br \/>\n<\/span><\/h6>\n<h6>Lorsque des personnes passionn\u00e9es s&rsquo;expriment, qu&rsquo;il s&rsquo;agisse d&rsquo;une carri\u00e8re qu&rsquo;elles aiment ou d&rsquo;un passe-temps qu&rsquo;elles ont depuis toujours \u00e0 l&rsquo;esprit, vous ressentez cette \u00e9tincelle dans leurs yeux ou cette \u00e9nergie indescriptible lorsqu&rsquo;elles parlent. En tant que leaders passionn\u00e9s, cette m\u00eame \u00e9nergie peut susciter la volont\u00e9 de r\u00e9ussir, d&rsquo;\u00eatre les meilleurs, de partager et d\u2019accomplir avec leurs \u00e9quipes.<\/h6>\n<h6><span style=\"font-weight: 400;\">Chez Dr. Passion, nous appelons cela votre \u201cpassion\u201d, cette \u00e9nergie semblable \u00e0 un feu qui r\u00e9side en chacun de nous et qui, \u00e0 l&rsquo;occasion, br\u00fble plus intens\u00e9ment et avec plus de vigueur.<br \/>\nRien n&rsquo;attire plus notre attention qu&rsquo;une lueur qui brille de l&rsquo;int\u00e9rieur.<\/span><\/h6>\n<h6><strong>C&rsquo;EST VOTRE VIE. Trouvez votre passion.<br \/>\nOSER. CHANGER ceux qui vous entourent . R\u00c9USSIR<\/strong>.<\/h6>\n<p>[\/vc_column_text][\/vc_column][vc_column width=\u00a0\u00bb1\/3&Prime; css=\u00a0\u00bb.vc_custom_1649597380755{margin-top: 0px !important;padding-top: 0px !important;}\u00a0\u00bb][vc_single_image image=\u00a0\u00bb2744&Prime; img_size=\u00a0\u00bb600 x1100&Prime; alignment=\u00a0\u00bbright\u00a0\u00bb][vc_empty_space height=\u00a0\u00bb20px\u00a0\u00bb hide_on_mobile=\u00a0\u00bb\u00a0\u00bb][vc_row_inner][vc_column_inner][vc_btn title=\u00a0\u00bbCHANGER\u00a0\u00bb shape=\u00a0\u00bbsquare\u00a0\u00bb color=\u00a0\u00bbblack\u00a0\u00bb size=\u00a0\u00bblg\u00a0\u00bb align=\u00a0\u00bbcenter\u00a0\u00bb css_animation=\u00a0\u00bbslideInUp\u00a0\u00bb button_block=\u00a0\u00bbtrue\u00a0\u00bb link=\u00a0\u00bburl:https%3A%2F%2Fwork.sokhotrinh.com%2Ffr%2Ftravailler-avec-objectif|title:Changer-%20Travailler%20avec%20objectif||\u00a0\u00bb css=\u00a0\u00bb.vc_custom_1674829992777{padding-left: 0px !important;}\u00a0\u00bb][vc_btn title=\u00a0\u00bbR\u00c9USSIR\u00a0\u00bb shape=\u00a0\u00bbsquare\u00a0\u00bb color=\u00a0\u00bbinverse\u00a0\u00bb size=\u00a0\u00bblg\u00a0\u00bb align=\u00a0\u00bbcenter\u00a0\u00bb css_animation=\u00a0\u00bbslideInUp\u00a0\u00bb button_block=\u00a0\u00bbtrue\u00a0\u00bb link=\u00a0\u00bburl:https%3A%2F%2Fwork.sokhotrinh.com%2Ffr%2Freussir-pourquoi-dr-passion|title:REUSSIR-Pourquoi%20Dr%20Passion||\u00a0\u00bb][vc_btn title=\u00a0\u00bbCONTACT\u00a0\u00bb shape=\u00a0\u00bbsquare\u00a0\u00bb color=\u00a0\u00bbjuicy-pink\u00a0\u00bb size=\u00a0\u00bblg\u00a0\u00bb align=\u00a0\u00bbcenter\u00a0\u00bb css_animation=\u00a0\u00bbslideInUp\u00a0\u00bb button_block=\u00a0\u00bbtrue\u00a0\u00bb link=\u00a0\u00bburl:https%3A%2F%2Fwork.sokhotrinh.com%2Ffr%2Fcontact-individu|title:Contact%20individu||\u00a0\u00bb][\/vc_column_inner][\/vc_row_inner][\/vc_column][\/vc_row][vc_row equal_height=\u00a0\u00bbyes\u00a0\u00bb content_placement=\u00a0\u00bbmiddle\u00a0\u00bb css=\u00a0\u00bb.vc_custom_1658384724062{margin-top: 0px !important;padding-top: 50px !important;padding-right: 10% !important;padding-bottom: 50px !important;padding-left: 10% !important;background-color: #9fa4a2 !important;}\u00a0\u00bb][vc_column width=\u00a0\u00bb1\/3&Prime; css=\u00a0\u00bb.vc_custom_1649598144731{margin-top: 0px !important;margin-bottom: 0px !important;border-bottom-width: 0px !important;padding-top: 0px !important;background-position: center !important;background-repeat: no-repeat !important;background-size: cover !important;}\u00a0\u00bb][vc_single_image image=\u00a0\u00bb3633&Prime; img_size=\u00a0\u00bbfull\u00a0\u00bb style=\u00a0\u00bbvc_box_shadow\u00a0\u00bb][\/vc_column][vc_column width=\u00a0\u00bb1\/3&Prime; css=\u00a0\u00bb.vc_custom_1649598154290{margin-top: 0px !important;margin-bottom: 0px !important;padding-top: 0px !important;padding-bottom: 0px !important;}\u00a0\u00bb][vc_single_image image=\u00a0\u00bb3413&Prime; img_size=\u00a0\u00bbfull\u00a0\u00bb style=\u00a0\u00bbvc_box_shadow\u00a0\u00bb][\/vc_column][vc_column width=\u00a0\u00bb1\/3&Prime; css=\u00a0\u00bb.vc_custom_1649598163279{margin-top: 0px !important;margin-bottom: 0px !important;padding-top: 0px !important;padding-bottom: 0px !important;}\u00a0\u00bb][vc_single_image image=\u00a0\u00bb3604&Prime; img_size=\u00a0\u00bbfull\u00a0\u00bb style=\u00a0\u00bbvc_box_shadow\u00a0\u00bb][\/vc_column][\/vc_row][vc_row equal_height=\u00a0\u00bbyes\u00a0\u00bb content_placement=\u00a0\u00bbmiddle\u00a0\u00bb parallax=\u00a0\u00bbcontent-moving\u00a0\u00bb css=\u00a0\u00bb.vc_custom_1658384739526{margin-top: 0px !important;padding-top: 50px !important;padding-right: 10% !important;padding-bottom: 50px !important;padding-left: 10% !important;background-color: #c72d39 !important;}\u00a0\u00bb][vc_column width=\u00a0\u00bb1\/3&Prime; css=\u00a0\u00bb.vc_custom_1649598486838{margin-top: 0px !important;margin-bottom: 0px !important;padding-top: 0px !important;padding-bottom: 0px !important;background-position: center !important;background-repeat: no-repeat !important;background-size: cover !important;}\u00a0\u00bb][vc_single_image image=\u00a0\u00bb3498&Prime; img_size=\u00a0\u00bbfull\u00a0\u00bb style=\u00a0\u00bbvc_box_shadow\u00a0\u00bb][\/vc_column][vc_column width=\u00a0\u00bb1\/3&Prime; css=\u00a0\u00bb.vc_custom_1649598668485{margin-top: 0px !important;margin-bottom: 0px !important;padding-top: 0px !important;padding-bottom: 0px !important;}\u00a0\u00bb][vc_single_image image=\u00a0\u00bb3627&Prime; img_size=\u00a0\u00bbfull\u00a0\u00bb style=\u00a0\u00bbvc_box_shadow\u00a0\u00bb][\/vc_column][vc_column width=\u00a0\u00bb1\/3&Prime; css=\u00a0\u00bb.vc_custom_1649598673203{margin-top: 0px !important;margin-bottom: 0px !important;padding-top: 0px !important;padding-bottom: 0px !important;}\u00a0\u00bb][vc_single_image image=\u00a0\u00bb3629&Prime; img_size=\u00a0\u00bbfull\u00a0\u00bb style=\u00a0\u00bbvc_box_shadow\u00a0\u00bb][\/vc_column][\/vc_row]<\/p>\n","protected":false},"excerpt":{"rendered":"<p>[vc_row equal_height=\u00a0\u00bbyes\u00a0\u00bb content_placement=\u00a0\u00bbmiddle\u00a0\u00bb css=\u00a0\u00bb.vc_custom_1664555281353{margin-top: 10% !important;padding-right: 10% !important;padding-left: 10% !important;}\u00a0\u00bb][vc_column width=\u00a0\u00bb2\/3&Prime; css=\u00a0\u00bb.vc_custom_1649597109527{padding-top: 50px !important;padding-bottom: 50px !important;}\u00a0\u00bb][vc_custom_heading text=\u00a0\u00bbVIVRE AVEC PASSION\u00a0\u00bb font_container=\u00a0\u00bbtag:h2|font_size:24|text_align:left\u00a0\u00bb use_theme_fonts=\u00a0\u00bbyes\u00a0\u00bb][vc_column_text] De la Gr\u00e8ce antique au christianisme du IVe si\u00e8cle, des philosophes du XVIIe si\u00e8cle aux universitaires du XXIe si\u00e8cle, la passion a \u00e9t\u00e9 d\u00e9crite comme une perte de contr\u00f4le, un moteur dysfonctionnel, une \u00e9nergie motivante. Les recherches montrent ensuite&hellip;<\/p>\n","protected":false},"author":1,"featured_media":0,"parent":0,"menu_order":0,"comment_status":"closed","ping_status":"closed","template":"","meta":{"content-type":"","_monsterinsights_skip_tracking":false,"_monsterinsights_sitenote_active":false,"_monsterinsights_sitenote_note":"","_monsterinsights_sitenote_category":0,"_EventAllDay":false,"_EventTimezone":"","_EventStartDate":"","_EventEndDate":"","_EventStartDateUTC":"","_EventEndDateUTC":"","_EventShowMap":false,"_EventShowMapLink":false,"_EventURL":"","_EventCost":"","_EventCostDescription":"","_EventCurrencySymbol":"","_EventCurrencyCode":"","_EventCurrencyPosition":"","_EventDateTimeSeparator":"","_EventTimeRangeSeparator":"","_EventOrganizerID":[],"_EventVenueID":0,"_OrganizerEmail":"","_OrganizerPhone":"","_OrganizerWebsite":"","_VenueAddress":"","_VenueCity":"","_VenueCountry":"","_VenueProvince":"","_VenueZip":"","_VenuePhone":"","_VenueURL":"","_VenueStateProvince":"","_VenueLat":"","_VenueLng":""},"yoast_head":"<!-- This site is optimized with the Yoast SEO plugin v19.7.1 - https:\/\/yoast.com\/wordpress\/plugins\/seo\/ -->\n<title>Sok-Ho Trinh | Live With Purpose And Passion | Finding Purpose<\/title>\n<meta name=\"description\" content=\"Dr Passion combines professional coaching with academic theory and practical action. Discover your purpose to make change and drive success.\" \/>\n<meta name=\"robots\" content=\"index, follow, max-snippet:-1, max-image-preview:large, max-video-preview:-1\" \/>\n<link rel=\"canonical\" href=\"https:\/\/work.sokhotrinh.com\/fr\/oser-vivre-avec-passion\" \/>\n<meta property=\"og:locale\" content=\"fr_FR\" \/>\n<meta property=\"og:type\" content=\"article\" \/>\n<meta property=\"og:title\" content=\"Sok-Ho Trinh | Live With Purpose And Passion | Finding Purpose\" \/>\n<meta property=\"og:description\" content=\"Dr Passion combines professional coaching with academic theory and practical action. Discover your purpose to make change and drive success.\" \/>\n<meta property=\"og:url\" content=\"https:\/\/work.sokhotrinh.com\/fr\/oser-vivre-avec-passion\" \/>\n<meta property=\"og:site_name\" content=\"Sok-Ho Trinh\" \/>\n<meta property=\"article:modified_time\" content=\"2023-03-14T23:59:18+00:00\" \/>\n<meta name=\"twitter:card\" content=\"summary_large_image\" \/>\n<meta name=\"twitter:label1\" content=\"Dur\u00e9e de lecture estim\u00e9e\" \/>\n\t<meta name=\"twitter:data1\" content=\"3 minutes\" \/>\n<script type=\"application\/ld+json\" class=\"yoast-schema-graph\">{\"@context\":\"https:\/\/schema.org\",\"@graph\":[{\"@type\":\"WebPage\",\"@id\":\"https:\/\/work.sokhotrinh.com\/fr\/oser-vivre-avec-passion\",\"url\":\"https:\/\/work.sokhotrinh.com\/fr\/oser-vivre-avec-passion\",\"name\":\"Sok-Ho Trinh | Live With Purpose And Passion | Finding Purpose\",\"isPartOf\":{\"@id\":\"https:\/\/work.sokhotrinh.com\/fr#website\"},\"datePublished\":\"2022-10-03T08:43:26+00:00\",\"dateModified\":\"2023-03-14T23:59:18+00:00\",\"description\":\"Dr Passion combines professional coaching with academic theory and practical action. Discover your purpose to make change and drive success.\",\"breadcrumb\":{\"@id\":\"https:\/\/work.sokhotrinh.com\/fr\/oser-vivre-avec-passion#breadcrumb\"},\"inLanguage\":\"fr-FR\",\"potentialAction\":[{\"@type\":\"ReadAction\",\"target\":[\"https:\/\/work.sokhotrinh.com\/fr\/oser-vivre-avec-passion\"]}]},{\"@type\":\"BreadcrumbList\",\"@id\":\"https:\/\/work.sokhotrinh.com\/fr\/oser-vivre-avec-passion#breadcrumb\",\"itemListElement\":[{\"@type\":\"ListItem\",\"position\":1,\"name\":\"Home\",\"item\":\"https:\/\/work.sokhotrinh.com\/fr\"},{\"@type\":\"ListItem\",\"position\":2,\"name\":\"OSER &#8211; Vivre avec passion\"}]},{\"@type\":\"WebSite\",\"@id\":\"https:\/\/work.sokhotrinh.com\/fr#website\",\"url\":\"https:\/\/work.sokhotrinh.com\/fr\",\"name\":\"Sok-Ho Trinh\",\"description\":\"Passionologist | Coach | Social scientist\u00a0\",\"publisher\":{\"@id\":\"https:\/\/work.sokhotrinh.com\/fr#organization\"},\"potentialAction\":[{\"@type\":\"SearchAction\",\"target\":{\"@type\":\"EntryPoint\",\"urlTemplate\":\"https:\/\/work.sokhotrinh.com\/fr?s={search_term_string}\"},\"query-input\":\"required name=search_term_string\"}],\"inLanguage\":\"fr-FR\"},{\"@type\":\"Organization\",\"@id\":\"https:\/\/work.sokhotrinh.com\/fr#organization\",\"name\":\"Sok-Ho Trinh | Live With Purpose And Passion\",\"url\":\"https:\/\/work.sokhotrinh.com\/fr\",\"sameAs\":[],\"logo\":{\"@type\":\"ImageObject\",\"inLanguage\":\"fr-FR\",\"@id\":\"https:\/\/work.sokhotrinh.com\/fr#\/schema\/logo\/image\/\",\"url\":\"https:\/\/work.sokhotrinh.com\/wp-content\/uploads\/2020\/04\/Sokhotrinh.com-logos-SIMPE-web.png\",\"contentUrl\":\"https:\/\/work.sokhotrinh.com\/wp-content\/uploads\/2020\/04\/Sokhotrinh.com-logos-SIMPE-web.png\",\"width\":2500,\"height\":600,\"caption\":\"Sok-Ho Trinh | Live With Purpose And Passion\"},\"image\":{\"@id\":\"https:\/\/work.sokhotrinh.com\/fr#\/schema\/logo\/image\/\"}}]}<\/script>\n<!-- \/ Yoast SEO plugin. -->","yoast_head_json":{"title":"Sok-Ho Trinh | Live With Purpose And Passion | Finding Purpose","description":"Dr Passion combines professional coaching with academic theory and practical action. Discover your purpose to make change and drive success.","robots":{"index":"index","follow":"follow","max-snippet":"max-snippet:-1","max-image-preview":"max-image-preview:large","max-video-preview":"max-video-preview:-1"},"canonical":"https:\/\/work.sokhotrinh.com\/fr\/oser-vivre-avec-passion","og_locale":"fr_FR","og_type":"article","og_title":"Sok-Ho Trinh | Live With Purpose And Passion | Finding Purpose","og_description":"Dr Passion combines professional coaching with academic theory and practical action. Discover your purpose to make change and drive success.","og_url":"https:\/\/work.sokhotrinh.com\/fr\/oser-vivre-avec-passion","og_site_name":"Sok-Ho Trinh","article_modified_time":"2023-03-14T23:59:18+00:00","twitter_card":"summary_large_image","twitter_misc":{"Dur\u00e9e de lecture estim\u00e9e":"3 minutes"},"schema":{"@context":"https:\/\/schema.org","@graph":[{"@type":"WebPage","@id":"https:\/\/work.sokhotrinh.com\/fr\/oser-vivre-avec-passion","url":"https:\/\/work.sokhotrinh.com\/fr\/oser-vivre-avec-passion","name":"Sok-Ho Trinh | Live With Purpose And Passion | Finding Purpose","isPartOf":{"@id":"https:\/\/work.sokhotrinh.com\/fr#website"},"datePublished":"2022-10-03T08:43:26+00:00","dateModified":"2023-03-14T23:59:18+00:00","description":"Dr Passion combines professional coaching with academic theory and practical action. Discover your purpose to make change and drive success.","breadcrumb":{"@id":"https:\/\/work.sokhotrinh.com\/fr\/oser-vivre-avec-passion#breadcrumb"},"inLanguage":"fr-FR","potentialAction":[{"@type":"ReadAction","target":["https:\/\/work.sokhotrinh.com\/fr\/oser-vivre-avec-passion"]}]},{"@type":"BreadcrumbList","@id":"https:\/\/work.sokhotrinh.com\/fr\/oser-vivre-avec-passion#breadcrumb","itemListElement":[{"@type":"ListItem","position":1,"name":"Home","item":"https:\/\/work.sokhotrinh.com\/fr"},{"@type":"ListItem","position":2,"name":"OSER &#8211; Vivre avec passion"}]},{"@type":"WebSite","@id":"https:\/\/work.sokhotrinh.com\/fr#website","url":"https:\/\/work.sokhotrinh.com\/fr","name":"Sok-Ho Trinh","description":"Passionologist | Coach | Social scientist\u00a0","publisher":{"@id":"https:\/\/work.sokhotrinh.com\/fr#organization"},"potentialAction":[{"@type":"SearchAction","target":{"@type":"EntryPoint","urlTemplate":"https:\/\/work.sokhotrinh.com\/fr?s={search_term_string}"},"query-input":"required name=search_term_string"}],"inLanguage":"fr-FR"},{"@type":"Organization","@id":"https:\/\/work.sokhotrinh.com\/fr#organization","name":"Sok-Ho Trinh | Live With Purpose And Passion","url":"https:\/\/work.sokhotrinh.com\/fr","sameAs":[],"logo":{"@type":"ImageObject","inLanguage":"fr-FR","@id":"https:\/\/work.sokhotrinh.com\/fr#\/schema\/logo\/image\/","url":"https:\/\/work.sokhotrinh.com\/wp-content\/uploads\/2020\/04\/Sokhotrinh.com-logos-SIMPE-web.png","contentUrl":"https:\/\/work.sokhotrinh.com\/wp-content\/uploads\/2020\/04\/Sokhotrinh.com-logos-SIMPE-web.png","width":2500,"height":600,"caption":"Sok-Ho Trinh | Live With Purpose And Passion"},"image":{"@id":"https:\/\/work.sokhotrinh.com\/fr#\/schema\/logo\/image\/"}}]}},"_links":{"self":[{"href":"https:\/\/work.sokhotrinh.com\/fr\/wp-json\/wp\/v2\/pages\/3320"}],"collection":[{"href":"https:\/\/work.sokhotrinh.com\/fr\/wp-json\/wp\/v2\/pages"}],"about":[{"href":"https:\/\/work.sokhotrinh.com\/fr\/wp-json\/wp\/v2\/types\/page"}],"author":[{"embeddable":true,"href":"https:\/\/work.sokhotrinh.com\/fr\/wp-json\/wp\/v2\/users\/1"}],"replies":[{"embeddable":true,"href":"https:\/\/work.sokhotrinh.com\/fr\/wp-json\/wp\/v2\/comments?post=3320"}],"version-history":[{"count":16,"href":"https:\/\/work.sokhotrinh.com\/fr\/wp-json\/wp\/v2\/pages\/3320\/revisions"}],"predecessor-version":[{"id":3636,"href":"https:\/\/work.sokhotrinh.com\/fr\/wp-json\/wp\/v2\/pages\/3320\/revisions\/3636"}],"wp:attachment":[{"href":"https:\/\/work.sokhotrinh.com\/fr\/wp-json\/wp\/v2\/media?parent=3320"}],"curies":[{"name":"wp","href":"https:\/\/api.w.org\/{rel}","templated":true}]}}