{"id":3346,"date":"2022-10-03T11:28:06","date_gmt":"2022-10-03T11:28:06","guid":{"rendered":"https:\/\/work.sokhotrinh.com\/?page_id=3346"},"modified":"2023-02-26T17:44:58","modified_gmt":"2023-02-26T17:44:58","slug":"a-propos-sokho","status":"publish","type":"page","link":"https:\/\/work.sokhotrinh.com\/fr\/a-propos-sokho","title":{"rendered":"A Propos SokHo"},"content":{"rendered":"<p>[vc_row full_width=\u00a0\u00bbstretch_row_content\u00a0\u00bb full_height=\u00a0\u00bbyes\u00a0\u00bb equal_height=\u00a0\u00bbyes\u00a0\u00bb content_placement=\u00a0\u00bbmiddle\u00a0\u00bb css=\u00a0\u00bb.vc_custom_1649597709684{margin-top: 10% !important;padding-right: 10% !important;padding-left: 10% !important;}\u00a0\u00bb][vc_column width=\u00a0\u00bb2\/3&Prime; css=\u00a0\u00bb.vc_custom_1649597109527{padding-top: 50px !important;padding-bottom: 50px !important;}\u00a0\u00bb][vc_custom_heading text=\u00a0\u00bbQUI SE CACHE DERRIERE DR. PASSION\u00a0\u00bb use_theme_fonts=\u00a0\u00bbyes\u00a0\u00bb][vc_column_text el_class=\u00a0\u00bbabout_text_size\u00a0\u00bb]<\/p>\n<h3><span style=\"font-weight: 400;\">Dr. Sok-Ho Trinh est une personne multifacette se d\u00e9crivant comme Passionologue.<\/span><\/h3>\n<p><span style=\"font-weight: 400;\">C\u2019est un scientifique sp\u00e9cialiste du comportement, un cadre professionnel international exp\u00e9riment\u00e9 et un coach de vie qui vous aide \u00e0 d\u00e9couvrir votre passion et \u00e0 mener une vie r\u00e9ussie.\u00a0\u00a0<\/span><\/p>\n<p><span style=\"font-weight: 400;\">En tant que praticien, Sok-Ho a con\u00e7u, form\u00e9 et r\u00e9alis\u00e9 des interventions en entreprise fond\u00e9es sur la recherche et a coach\u00e9 des individus, des dirigeants, des \u00e9quipes d\u2019entreprises dans le monde entier.\u00a0<\/span><\/p>\n<p><span style=\"font-weight: 400;\">Sok-Ho est titulaire d&rsquo;un BSc, d&rsquo;un MSc, d&rsquo;un MBA, d&rsquo;un CPCC, d&rsquo;un PCC, d&rsquo;un PGCE en apprentissage et enseignement dans l&rsquo;enseignement sup\u00e9rieur et d&rsquo;un doctorat en psychologie positive et \u00e9tudes du leadership. Il a suivi une formation de coach syst\u00e9mique et relationnel de l\u2019ORSC et de coaching bas\u00e9 sur les preuves. Sok-Ho est un enseignant certifi\u00e9 en m\u00e9ditation et pleine conscience (CMMT) et est certifi\u00e9 en animation LEGO\u00ae SERIOUS PLAY\u00ae, en psychom\u00e9trie pour les individus\/leadership: Hogan HPI\/HDS\/MVPI et pour les groupes\/\u00e9quipes: HPTA et Hogan 360.\u00a0<\/span><\/p>\n<p><span style=\"font-weight: 400;\">Sok-Ho est n\u00e9 en France de parents chinois du Cambodge. Il parle huit langues, a v\u00e9cu sur trois continents et est maintenant bas\u00e9 \u00e0 Londres au Royaume-Uni avec sa famille. <\/span><\/p>\n<p><span style=\"font-weight: 400;\">Sa devise dans la vie est Vivre avec Sens et Passion.<\/span><\/p>\n<h5><span style=\"font-weight: 400;\">INSPIRATION ET HISTOIRE<\/span><\/h5>\n<p><span style=\"font-weight: 400;\">Inspir\u00e9 par les valeurs humanistes h\u00e9rit\u00e9es de sa famille qui a surv\u00e9cu au g\u00e9nocide cambodgien, il a lanc\u00e9 le mouvement de la passionologie pour r\u00e9v\u00e9ler le sens de la vie et la passion chez les autres.<\/span><\/p>\n<p><span style=\"font-weight: 400;\">En tant que scientifique, ses recherches interdisciplinaires portent sur des concepts de motivation tels que la Passion dans le leadership, la Psychologie Positive et le bonheur dans les arts du spectacle.\u00a0<\/span><\/p>\n<p><span style=\"font-weight: 400;\">Il a r\u00e9alis\u00e9 son doctorat \u00e0 l&rsquo;Universit\u00e9 de East of London \u00e9tudiant la Passion dans le Leadership. Dans le cadre de ses \u00e9tudes, il a analys\u00e9 le mod\u00e8le\u00a9 4P de Institute of Passion, et le concept de Leadership Passionn\u00e9 en Organisation (PLIO). Il a aussi contribu\u00e9 \u00e0 des chapitres dans le livre de Psychologie Positive en pratique, a \u00e9t\u00e9 auteur et co-auteur d\u2019articles en Psychologie Positive, en Leadership Positif, et en Coaching de Psychologie Positive.\u00a0<\/span><\/p>\n<p><span style=\"font-weight: 400;\">En tant qu\u2019universitaire Sok-Ho a \u00e9t\u00e9 membre du corps enseignant de l\u2019Universit\u00e9 de East of London pour le MSc en Psychologie Positive et en Psychologie du Coaching (MAPPCP). Il a enseign\u00e9 \u00e0 l&rsquo;Universit\u00e9 autonome de l&rsquo;\u00c9tat d&rsquo;Hidalgo (UAEH) au Mexique et \u00e0 l&rsquo;IE University\/IE Business en Espagne. Il est actuellement ma\u00eetre de conf\u00e9rences \u00e0 l\u2019universit\u00e9 de Roehampton, o\u00f9 il donne des cours sur le leadership, la psychologie et la gestion des ressources humaines.<\/span><\/p>\n<p><span style=\"font-weight: 400;\">En tant que chef d&rsquo;entreprise, il a travaill\u00e9 dans le secteur de la distribution, de l&rsquo;analyse des consommateurs et de la science des donn\u00e9es pour des entreprises internationales pendant 14 ans, et en tant que membre d&rsquo;un conseil consultatif et mentor pour des entreprises sociales.\u00a0<\/span><\/p>\n<p><span style=\"font-weight: 400;\">En tant qu&rsquo;artiste professionnel, Sok-Ho a travaill\u00e9 dans le domaine de la com\u00e9die musicale, du cin\u00e9ma et du doublage. Il a \u00e9galement \u00e9crit et enregistr\u00e9 un mini album. Il a \u00e9t\u00e9 form\u00e9 en tant qu\u2019acteur et performer \u00e0 la Royal Central School of Speech and Drama, \u00e0 l\u2019Actors Centre, \u00e0 la com\u00e9die musicale au Royaume-Uni et en France.<\/span>[\/vc_column_text][\/vc_column][vc_column width=\u00a0\u00bb1\/3&Prime; css=\u00a0\u00bb.vc_custom_1655678829479{margin-top: 0px !important;border-top-width: 0px !important;padding-top: 0px !important;}\u00a0\u00bb][vc_single_image image=\u00a0\u00bb2271&Prime; img_size=\u00a0\u00bb600 x 900&Prime; alignment=\u00a0\u00bbright\u00a0\u00bb css=\u00a0\u00bb.vc_custom_1666052557257{margin-top: 0px !important;border-top-width: 0px !important;padding-top: 0px !important;}\u00a0\u00bb][vc_empty_space height=\u00a0\u00bb20px\u00a0\u00bb hide_on_mobile=\u00a0\u00bb\u00a0\u00bb][vc_row_inner][vc_column_inner][vc_btn title=\u00a0\u00bbRETOUR LIBRAIRIE\u00a0\u00bb shape=\u00a0\u00bbsquare\u00a0\u00bb color=\u00a0\u00bbblack\u00a0\u00bb align=\u00a0\u00bbcenter\u00a0\u00bb button_block=\u00a0\u00bbtrue\u00a0\u00bb link=\u00a0\u00bburl:https%3A%2F%2Fwork.sokhotrinh.com%2Ffr%2Fbibliotheque|title:Biblioth%C3%A8que||\u00a0\u00bb][\/vc_column_inner][vc_column_inner offset=\u00a0\u00bbvc_col-lg-6&Prime;][vc_btn title=\u00a0\u00bbCONTACT\u00a0\u00bb shape=\u00a0\u00bbsquare\u00a0\u00bb color=\u00a0\u00bbjuicy-pink\u00a0\u00bb align=\u00a0\u00bbcenter\u00a0\u00bb button_block=\u00a0\u00bbtrue\u00a0\u00bb link=\u00a0\u00bburl:https%3A%2F%2Fwork.sokhotrinh.com%2Ffr%2Fcontact-individu|title:Contact%20individu||\u00a0\u00bb][\/vc_column_inner][vc_column_inner offset=\u00a0\u00bbvc_col-lg-6&Prime;][vc_btn title=\u00a0\u00bbOSER-VOUS\u00a0\u00bb shape=\u00a0\u00bbsquare\u00a0\u00bb color=\u00a0\u00bbinverse\u00a0\u00bb align=\u00a0\u00bbcenter\u00a0\u00bb button_block=\u00a0\u00bbtrue\u00a0\u00bb link=\u00a0\u00bburl:https%3A%2F%2Fwork.sokhotrinh.com%2Ffr%2Foser-vivre-avec-passion|title:OSER%20%E2%80%93%20Vivre%20avec%20passion||\u00a0\u00bb][vc_btn title=\u00a0\u00bbCHANGER\u00a0\u00bb shape=\u00a0\u00bbsquare\u00a0\u00bb color=\u00a0\u00bbinverse\u00a0\u00bb align=\u00a0\u00bbcenter\u00a0\u00bb button_block=\u00a0\u00bbtrue\u00a0\u00bb link=\u00a0\u00bburl:https%3A%2F%2Fwork.sokhotrinh.com%2Ffr%2Fchanger-travailler-avec-objectif|title:Changer-%20Travailler%20avec%20objectif||\u00a0\u00bb][vc_btn title=\u00a0\u00bbR\u00c9USSIR\u00a0\u00bb shape=\u00a0\u00bbsquare\u00a0\u00bb color=\u00a0\u00bbinverse\u00a0\u00bb align=\u00a0\u00bbcenter\u00a0\u00bb button_block=\u00a0\u00bbtrue\u00a0\u00bb link=\u00a0\u00bburl:https%3A%2F%2Fwork.sokhotrinh.com%2Ffr%2Freussir-pourquoi-dr-passion|title:REUSSIR-Pourquoi%20Dr%20Passion||\u00a0\u00bb][\/vc_column_inner][\/vc_row_inner][\/vc_column][\/vc_row]<\/p>\n","protected":false},"excerpt":{"rendered":"<p>[vc_row full_width=\u00a0\u00bbstretch_row_content\u00a0\u00bb full_height=\u00a0\u00bbyes\u00a0\u00bb equal_height=\u00a0\u00bbyes\u00a0\u00bb content_placement=\u00a0\u00bbmiddle\u00a0\u00bb css=\u00a0\u00bb.vc_custom_1649597709684{margin-top: 10% !important;padding-right: 10% !important;padding-left: 10% !important;}\u00a0\u00bb][vc_column width=\u00a0\u00bb2\/3&Prime; css=\u00a0\u00bb.vc_custom_1649597109527{padding-top: 50px !important;padding-bottom: 50px !important;}\u00a0\u00bb][vc_custom_heading text=\u00a0\u00bbQUI SE CACHE DERRIERE DR. PASSION\u00a0\u00bb use_theme_fonts=\u00a0\u00bbyes\u00a0\u00bb][vc_column_text el_class=\u00a0\u00bbabout_text_size\u00a0\u00bb] Dr. Sok-Ho Trinh est une personne multifacette se d\u00e9crivant comme Passionologue. C\u2019est un scientifique sp\u00e9cialiste du comportement, un cadre professionnel international exp\u00e9riment\u00e9 et un coach de vie qui vous aide \u00e0 d\u00e9couvrir votre passion&hellip;<\/p>\n","protected":false},"author":1,"featured_media":0,"parent":0,"menu_order":0,"comment_status":"closed","ping_status":"closed","template":"","meta":{"content-type":"","_monsterinsights_skip_tracking":false,"_monsterinsights_sitenote_active":false,"_monsterinsights_sitenote_note":"","_monsterinsights_sitenote_category":0,"_EventAllDay":false,"_EventTimezone":"","_EventStartDate":"","_EventEndDate":"","_EventStartDateUTC":"","_EventEndDateUTC":"","_EventShowMap":false,"_EventShowMapLink":false,"_EventURL":"","_EventCost":"","_EventCostDescription":"","_EventCurrencySymbol":"","_EventCurrencyCode":"","_EventCurrencyPosition":"","_EventDateTimeSeparator":"","_EventTimeRangeSeparator":"","_EventOrganizerID":[],"_EventVenueID":0,"_OrganizerEmail":"","_OrganizerPhone":"","_OrganizerWebsite":"","_VenueAddress":"","_VenueCity":"","_VenueCountry":"","_VenueProvince":"","_VenueZip":"","_VenuePhone":"","_VenueURL":"","_VenueStateProvince":"","_VenueLat":"","_VenueLng":""},"yoast_head":"<!-- This site is optimized with the Yoast SEO plugin v19.7.1 - https:\/\/yoast.com\/wordpress\/plugins\/seo\/ -->\n<title>Sok-Ho Trinh | Live With Purpose And Passion | Finding Purpose<\/title>\n<meta name=\"description\" content=\"Dr Passion combines professional coaching with academic theory and practical action. Discover your purpose to make change and drive success.\" \/>\n<meta name=\"robots\" content=\"index, follow, max-snippet:-1, max-image-preview:large, max-video-preview:-1\" \/>\n<link rel=\"canonical\" href=\"https:\/\/work.sokhotrinh.com\/fr\/a-propos-sokho\" \/>\n<meta property=\"og:locale\" content=\"fr_FR\" \/>\n<meta property=\"og:type\" content=\"article\" \/>\n<meta property=\"og:title\" content=\"Sok-Ho Trinh | Live With Purpose And Passion | Finding Purpose\" \/>\n<meta property=\"og:description\" content=\"Dr Passion combines professional coaching with academic theory and practical action. Discover your purpose to make change and drive success.\" \/>\n<meta property=\"og:url\" content=\"https:\/\/work.sokhotrinh.com\/fr\/a-propos-sokho\" \/>\n<meta property=\"og:site_name\" content=\"Sok-Ho Trinh\" \/>\n<meta property=\"article:modified_time\" content=\"2023-02-26T17:44:58+00:00\" \/>\n<meta name=\"twitter:card\" content=\"summary_large_image\" \/>\n<meta name=\"twitter:label1\" content=\"Dur\u00e9e de lecture estim\u00e9e\" \/>\n\t<meta name=\"twitter:data1\" content=\"3 minutes\" \/>\n<script type=\"application\/ld+json\" class=\"yoast-schema-graph\">{\"@context\":\"https:\/\/schema.org\",\"@graph\":[{\"@type\":\"WebPage\",\"@id\":\"https:\/\/work.sokhotrinh.com\/fr\/a-propos-sokho\",\"url\":\"https:\/\/work.sokhotrinh.com\/fr\/a-propos-sokho\",\"name\":\"Sok-Ho Trinh | Live With Purpose And Passion | Finding Purpose\",\"isPartOf\":{\"@id\":\"https:\/\/work.sokhotrinh.com\/fr#website\"},\"datePublished\":\"2022-10-03T11:28:06+00:00\",\"dateModified\":\"2023-02-26T17:44:58+00:00\",\"description\":\"Dr Passion combines professional coaching with academic theory and practical action. Discover your purpose to make change and drive success.\",\"breadcrumb\":{\"@id\":\"https:\/\/work.sokhotrinh.com\/fr\/a-propos-sokho#breadcrumb\"},\"inLanguage\":\"fr-FR\",\"potentialAction\":[{\"@type\":\"ReadAction\",\"target\":[\"https:\/\/work.sokhotrinh.com\/fr\/a-propos-sokho\"]}]},{\"@type\":\"BreadcrumbList\",\"@id\":\"https:\/\/work.sokhotrinh.com\/fr\/a-propos-sokho#breadcrumb\",\"itemListElement\":[{\"@type\":\"ListItem\",\"position\":1,\"name\":\"Home\",\"item\":\"https:\/\/work.sokhotrinh.com\/fr\"},{\"@type\":\"ListItem\",\"position\":2,\"name\":\"A Propos SokHo\"}]},{\"@type\":\"WebSite\",\"@id\":\"https:\/\/work.sokhotrinh.com\/fr#website\",\"url\":\"https:\/\/work.sokhotrinh.com\/fr\",\"name\":\"Sok-Ho Trinh\",\"description\":\"Passionologist | Coach | Social scientist\u00a0\",\"publisher\":{\"@id\":\"https:\/\/work.sokhotrinh.com\/fr#organization\"},\"potentialAction\":[{\"@type\":\"SearchAction\",\"target\":{\"@type\":\"EntryPoint\",\"urlTemplate\":\"https:\/\/work.sokhotrinh.com\/fr?s={search_term_string}\"},\"query-input\":\"required name=search_term_string\"}],\"inLanguage\":\"fr-FR\"},{\"@type\":\"Organization\",\"@id\":\"https:\/\/work.sokhotrinh.com\/fr#organization\",\"name\":\"Sok-Ho Trinh | Live With Purpose And Passion\",\"url\":\"https:\/\/work.sokhotrinh.com\/fr\",\"sameAs\":[],\"logo\":{\"@type\":\"ImageObject\",\"inLanguage\":\"fr-FR\",\"@id\":\"https:\/\/work.sokhotrinh.com\/fr#\/schema\/logo\/image\/\",\"url\":\"https:\/\/work.sokhotrinh.com\/wp-content\/uploads\/2020\/04\/Sokhotrinh.com-logos-SIMPE-web.png\",\"contentUrl\":\"https:\/\/work.sokhotrinh.com\/wp-content\/uploads\/2020\/04\/Sokhotrinh.com-logos-SIMPE-web.png\",\"width\":2500,\"height\":600,\"caption\":\"Sok-Ho Trinh | Live With Purpose And Passion\"},\"image\":{\"@id\":\"https:\/\/work.sokhotrinh.com\/fr#\/schema\/logo\/image\/\"}}]}<\/script>\n<!-- \/ Yoast SEO plugin. -->","yoast_head_json":{"title":"Sok-Ho Trinh | Live With Purpose And Passion | Finding Purpose","description":"Dr Passion combines professional coaching with academic theory and practical action. Discover your purpose to make change and drive success.","robots":{"index":"index","follow":"follow","max-snippet":"max-snippet:-1","max-image-preview":"max-image-preview:large","max-video-preview":"max-video-preview:-1"},"canonical":"https:\/\/work.sokhotrinh.com\/fr\/a-propos-sokho","og_locale":"fr_FR","og_type":"article","og_title":"Sok-Ho Trinh | Live With Purpose And Passion | Finding Purpose","og_description":"Dr Passion combines professional coaching with academic theory and practical action. Discover your purpose to make change and drive success.","og_url":"https:\/\/work.sokhotrinh.com\/fr\/a-propos-sokho","og_site_name":"Sok-Ho Trinh","article_modified_time":"2023-02-26T17:44:58+00:00","twitter_card":"summary_large_image","twitter_misc":{"Dur\u00e9e de lecture estim\u00e9e":"3 minutes"},"schema":{"@context":"https:\/\/schema.org","@graph":[{"@type":"WebPage","@id":"https:\/\/work.sokhotrinh.com\/fr\/a-propos-sokho","url":"https:\/\/work.sokhotrinh.com\/fr\/a-propos-sokho","name":"Sok-Ho Trinh | Live With Purpose And Passion | Finding Purpose","isPartOf":{"@id":"https:\/\/work.sokhotrinh.com\/fr#website"},"datePublished":"2022-10-03T11:28:06+00:00","dateModified":"2023-02-26T17:44:58+00:00","description":"Dr Passion combines professional coaching with academic theory and practical action. Discover your purpose to make change and drive success.","breadcrumb":{"@id":"https:\/\/work.sokhotrinh.com\/fr\/a-propos-sokho#breadcrumb"},"inLanguage":"fr-FR","potentialAction":[{"@type":"ReadAction","target":["https:\/\/work.sokhotrinh.com\/fr\/a-propos-sokho"]}]},{"@type":"BreadcrumbList","@id":"https:\/\/work.sokhotrinh.com\/fr\/a-propos-sokho#breadcrumb","itemListElement":[{"@type":"ListItem","position":1,"name":"Home","item":"https:\/\/work.sokhotrinh.com\/fr"},{"@type":"ListItem","position":2,"name":"A Propos SokHo"}]},{"@type":"WebSite","@id":"https:\/\/work.sokhotrinh.com\/fr#website","url":"https:\/\/work.sokhotrinh.com\/fr","name":"Sok-Ho Trinh","description":"Passionologist | Coach | Social scientist\u00a0","publisher":{"@id":"https:\/\/work.sokhotrinh.com\/fr#organization"},"potentialAction":[{"@type":"SearchAction","target":{"@type":"EntryPoint","urlTemplate":"https:\/\/work.sokhotrinh.com\/fr?s={search_term_string}"},"query-input":"required name=search_term_string"}],"inLanguage":"fr-FR"},{"@type":"Organization","@id":"https:\/\/work.sokhotrinh.com\/fr#organization","name":"Sok-Ho Trinh | Live With Purpose And Passion","url":"https:\/\/work.sokhotrinh.com\/fr","sameAs":[],"logo":{"@type":"ImageObject","inLanguage":"fr-FR","@id":"https:\/\/work.sokhotrinh.com\/fr#\/schema\/logo\/image\/","url":"https:\/\/work.sokhotrinh.com\/wp-content\/uploads\/2020\/04\/Sokhotrinh.com-logos-SIMPE-web.png","contentUrl":"https:\/\/work.sokhotrinh.com\/wp-content\/uploads\/2020\/04\/Sokhotrinh.com-logos-SIMPE-web.png","width":2500,"height":600,"caption":"Sok-Ho Trinh | Live With Purpose And Passion"},"image":{"@id":"https:\/\/work.sokhotrinh.com\/fr#\/schema\/logo\/image\/"}}]}},"_links":{"self":[{"href":"https:\/\/work.sokhotrinh.com\/fr\/wp-json\/wp\/v2\/pages\/3346"}],"collection":[{"href":"https:\/\/work.sokhotrinh.com\/fr\/wp-json\/wp\/v2\/pages"}],"about":[{"href":"https:\/\/work.sokhotrinh.com\/fr\/wp-json\/wp\/v2\/types\/page"}],"author":[{"embeddable":true,"href":"https:\/\/work.sokhotrinh.com\/fr\/wp-json\/wp\/v2\/users\/1"}],"replies":[{"embeddable":true,"href":"https:\/\/work.sokhotrinh.com\/fr\/wp-json\/wp\/v2\/comments?post=3346"}],"version-history":[{"count":13,"href":"https:\/\/work.sokhotrinh.com\/fr\/wp-json\/wp\/v2\/pages\/3346\/revisions"}],"predecessor-version":[{"id":3625,"href":"https:\/\/work.sokhotrinh.com\/fr\/wp-json\/wp\/v2\/pages\/3346\/revisions\/3625"}],"wp:attachment":[{"href":"https:\/\/work.sokhotrinh.com\/fr\/wp-json\/wp\/v2\/media?parent=3346"}],"curies":[{"name":"wp","href":"https:\/\/api.w.org\/{rel}","templated":true}]}}