{"id":3347,"date":"2022-10-03T08:47:20","date_gmt":"2022-10-03T08:47:20","guid":{"rendered":"https:\/\/work.sokhotrinh.com\/?page_id=3347"},"modified":"2023-02-26T17:36:21","modified_gmt":"2023-02-26T17:36:21","slug":"contact-individu","status":"publish","type":"page","link":"https:\/\/work.sokhotrinh.com\/fr\/contact-individu","title":{"rendered":"Contact individu"},"content":{"rendered":"<p>[vc_row equal_height=\u00a0\u00bbyes\u00a0\u00bb content_placement=\u00a0\u00bbtop\u00a0\u00bb css=\u00a0\u00bb.vc_custom_1658429212850{margin-top: 15% !important;padding-right: 10% !important;padding-bottom: 10% !important;padding-left: 10% !important;background-color: #cd1337 !important;}\u00a0\u00bb][vc_column width=\u00a0\u00bb1\/3&Prime;][vc_single_image image=\u00a0\u00bb2826&Prime; img_size=\u00a0\u00bblarge\u00a0\u00bb css=\u00a0\u00bb.vc_custom_1666050843991{padding-top: 50px !important;}\u00a0\u00bb][\/vc_column][vc_column width=\u00a0\u00bb2\/3&Prime; css=\u00a0\u00bb.vc_custom_1658429286159{padding-top: 0px !important;}\u00a0\u00bb][vc_custom_heading text=\u00a0\u00bbCONTACTER DR. PASSION\u00a0\u00bb font_container=\u00a0\u00bbtag:h2|text_align:left|color:%23ffffff\u00a0\u00bb use_theme_fonts=\u00a0\u00bbyes\u00a0\u00bb css=\u00a0\u00bb.vc_custom_1672599055599{padding-top: 0px !important;}\u00a0\u00bb][vc_column_text css=\u00a0\u00bb.vc_custom_1677432972066{padding-bottom: 15% !important;}\u00a0\u00bb]<\/p>\n<h6><span style=\"font-weight: 400; color: #ffffff;\">Chaque fois qu&rsquo;on me demande d&rsquo;aider une personne dans son voyage de d\u00e9couverte de soi, je sais que ce sera le d\u00e9but d&rsquo;un grand voyage pour nous deux.<br \/>\nUn voyage o\u00f9 vous et moi devenons complices de votre d\u00e9couverte personnelle pour trouver la sant\u00e9, le bonheur, le bien-\u00eatre et le succ\u00e8s.\u00a0<\/span><\/h6>\n<h6><span style=\"font-weight: 400; color: #ffffff;\">Donnez-vous une chance de changer, de r\u00e9ussir et de vivre votre passion.<\/span><\/h6>\n<h3><span style=\"color: #ffffff;\">OSER. CHANGER . R\u00c9USSIR<\/span><\/h3>\n<p>[\/vc_column_text][\/vc_column][\/vc_row][vc_row full_height=\u00a0\u00bbyes\u00a0\u00bb columns_placement=\u00a0\u00bbtop\u00a0\u00bb content_placement=\u00a0\u00bbtop\u00a0\u00bb scheme=\u00a0\u00bbdefault\u00a0\u00bb css=\u00a0\u00bb.vc_custom_1650152335877{background-color: #ffffff !important;}\u00a0\u00bb][vc_column width=\u00a0\u00bb1\/5&Prime;][\/vc_column][vc_column width=\u00a0\u00bb1\/5&Prime; css=\u00a0\u00bb.vc_custom_1666049151035{background-position: center !important;background-repeat: no-repeat !important;background-size: cover !important;}\u00a0\u00bb offset=\u00a0\u00bbvc_col-xs-12&Prime;]<div  \n\tclass=\"sc_icons sc_icons_default sc_icons_size_small sc_align_left hide_mob_icons\"\n\t style=\".vc_custom_1666051268431{border-radius: 10px !important;}\"\t><div class=\"sc_icons_item sc_icons_item_linked\"><div class=\"sc_icons_icon sc_icons_icon_type_fontawesome fab fa-linkedin\"\n\t\t\t\t\t\t style=\"color: #000000\"\t\t\t\t\t\t><span class=\"sc_icons_icon_type_fontawesome fab fa-linkedin\"\n\t\t\t\t\t\t\t style=\"color: #000000\"\t\t\t\t\t\t><\/span><\/div><h4 class=\"sc_icons_title\"><span>Linkedin<\/span><\/h4><a href=\"https:\/\/www.linkedin.com\/in\/sokhotrinh\/\" class=\"sc_icons_link\"><\/a><\/div><div class=\"sc_icons_item sc_icons_item_linked\"><div class=\"sc_icons_icon sc_icons_icon_type_fontawesome fab fa-twitter-square\"\n\t\t\t\t\t\t style=\"color: #000000\"\t\t\t\t\t\t><span class=\"sc_icons_icon_type_fontawesome fab fa-twitter-square\"\n\t\t\t\t\t\t\t style=\"color: #000000\"\t\t\t\t\t\t><\/span><\/div><h4 class=\"sc_icons_title\"><span>twitter<\/span><\/h4><a href=\"https:\/\/twitter.com\/Sokhowork\" class=\"sc_icons_link\"><\/a><\/div><div class=\"sc_icons_item sc_icons_item_linked\"><div class=\"sc_icons_icon sc_icons_icon_type_fontawesome icon-instagramm\"\n\t\t\t\t\t\t style=\"color: #000000\"\t\t\t\t\t\t><span class=\"sc_icons_icon_type_fontawesome icon-instagramm\"\n\t\t\t\t\t\t\t style=\"color: #000000\"\t\t\t\t\t\t><\/span><\/div><h4 class=\"sc_icons_title\"><span>instagram<\/span><\/h4><a href=\"https:\/\/www.instagram.com\/sokhowork\/?hl=en-gb\" class=\"sc_icons_link\"><\/a><\/div><div class=\"sc_icons_item sc_icons_item_linked\"><div class=\"sc_icons_icon sc_icons_icon_type_fontawesome fab fa-facebook-square\"\n\t\t\t\t\t\t style=\"color: #000000\"\t\t\t\t\t\t><span class=\"sc_icons_icon_type_fontawesome fab fa-facebook-square\"\n\t\t\t\t\t\t\t style=\"color: #000000\"\t\t\t\t\t\t><\/span><\/div><h4 class=\"sc_icons_title\"><span>facebook<\/span><\/h4><a href=\"https:\/\/www.facebook.com\/sokhowork\/\" class=\"sc_icons_link\"><\/a><\/div><div class=\"sc_icons_item sc_icons_item_linked\"><div class=\"sc_icons_icon sc_icons_icon_type_fontawesome icon-youtube\"\n\t\t\t\t\t\t style=\"color: #000000\"\t\t\t\t\t\t><span class=\"sc_icons_icon_type_fontawesome icon-youtube\"\n\t\t\t\t\t\t\t style=\"color: #000000\"\t\t\t\t\t\t><\/span><\/div><h4 class=\"sc_icons_title\"><span>YouTube<\/span><\/h4><a href=\"https:\/\/www.youtube.com\/channel\/UCE5mrRkpQKsHyBKReCVWy3Q\" class=\"sc_icons_link\"><\/a><\/div><div class=\"sc_icons_item sc_icons_item_linked\"><div class=\"sc_icons_icon sc_icons_icon_type_fontawesome fab fa-google\"\n\t\t\t\t\t\t style=\"color: #000000\"\t\t\t\t\t\t><span class=\"sc_icons_icon_type_fontawesome fab fa-google\"\n\t\t\t\t\t\t\t style=\"color: #000000\"\t\t\t\t\t\t><\/span><\/div><h4 class=\"sc_icons_title\"><span>Google Business<\/span><\/h4><a href=\"https:\/\/g.page\/MrPassionCoach\" class=\"sc_icons_link\"><\/a><\/div><div class=\"sc_icons_item sc_icons_item_linked\"><div class=\"sc_icons_icon sc_icons_icon_type_fontawesome icon-pagelines\"\n\t\t\t\t\t\t style=\"color: #000000\"\t\t\t\t\t\t><span class=\"sc_icons_icon_type_fontawesome icon-pagelines\"\n\t\t\t\t\t\t\t style=\"color: #000000\"\t\t\t\t\t\t><\/span><\/div><h4 class=\"sc_icons_title\"><span>Linktree<\/span><\/h4><a href=\"https:\/\/linktr.ee\/drpassion\" class=\"sc_icons_link\"><\/a><\/div><\/div><!-- \/.sc_icons --><div  \n\tclass=\"sc_icons sc_icons_default sc_icons_size_small sc_align_center show_mob_icons\"\n\t style=\".vc_custom_1666051256006{border-radius: 10px !important;}\"\t><div class=\"sc_icons_columns sc_item_columns trx_addons_columns_wrap columns_padding_bottom\"><div class=\"trx_addons_column-1_3\"><div class=\"sc_icons_item sc_icons_item_linked\"><div class=\"sc_icons_icon sc_icons_icon_type_fontawesome fab fa-linkedin\"\n\t\t\t\t\t\t style=\"color: #000000\"\t\t\t\t\t\t><span class=\"sc_icons_icon_type_fontawesome fab fa-linkedin\"\n\t\t\t\t\t\t\t style=\"color: #000000\"\t\t\t\t\t\t><\/span><\/div><h4 class=\"sc_icons_title\"><span>Linkedin<\/span><\/h4><a href=\"https:\/\/www.linkedin.com\/in\/sokhotrinh\/\" class=\"sc_icons_link\"><\/a><\/div><\/div><div class=\"trx_addons_column-1_3\"><div class=\"sc_icons_item sc_icons_item_linked\"><div class=\"sc_icons_icon sc_icons_icon_type_fontawesome fab fa-twitter-square\"\n\t\t\t\t\t\t style=\"color: #000000\"\t\t\t\t\t\t><span class=\"sc_icons_icon_type_fontawesome fab fa-twitter-square\"\n\t\t\t\t\t\t\t style=\"color: #000000\"\t\t\t\t\t\t><\/span><\/div><h4 class=\"sc_icons_title\"><span>twitter<\/span><\/h4><a href=\"https:\/\/twitter.com\/Sokhowork\" class=\"sc_icons_link\"><\/a><\/div><\/div><div class=\"trx_addons_column-1_3\"><div class=\"sc_icons_item sc_icons_item_linked\"><div class=\"sc_icons_icon sc_icons_icon_type_fontawesome icon-instagramm\"\n\t\t\t\t\t\t style=\"color: #000000\"\t\t\t\t\t\t><span class=\"sc_icons_icon_type_fontawesome icon-instagramm\"\n\t\t\t\t\t\t\t style=\"color: #000000\"\t\t\t\t\t\t><\/span><\/div><h4 class=\"sc_icons_title\"><span>instagram<\/span><\/h4><a href=\"https:\/\/www.instagram.com\/sokhowork\/?hl=en-gb\" class=\"sc_icons_link\"><\/a><\/div><\/div><div class=\"trx_addons_column-1_3\"><div class=\"sc_icons_item sc_icons_item_linked\"><div class=\"sc_icons_icon sc_icons_icon_type_fontawesome fab fa-facebook-square\"\n\t\t\t\t\t\t style=\"color: #000000\"\t\t\t\t\t\t><span class=\"sc_icons_icon_type_fontawesome fab fa-facebook-square\"\n\t\t\t\t\t\t\t style=\"color: #000000\"\t\t\t\t\t\t><\/span><\/div><h4 class=\"sc_icons_title\"><span>facebook<\/span><\/h4><a href=\"https:\/\/www.facebook.com\/sokhowork\/\" class=\"sc_icons_link\"><\/a><\/div><\/div><div class=\"trx_addons_column-1_3\"><div class=\"sc_icons_item sc_icons_item_linked\"><div class=\"sc_icons_icon sc_icons_icon_type_fontawesome icon-youtube\"\n\t\t\t\t\t\t style=\"color: #000000\"\t\t\t\t\t\t><span class=\"sc_icons_icon_type_fontawesome icon-youtube\"\n\t\t\t\t\t\t\t style=\"color: #000000\"\t\t\t\t\t\t><\/span><\/div><h4 class=\"sc_icons_title\"><span>YouTube<\/span><\/h4><a href=\"https:\/\/www.youtube.com\/channel\/UCE5mrRkpQKsHyBKReCVWy3Q\" class=\"sc_icons_link\"><\/a><\/div><\/div><div class=\"trx_addons_column-1_3\"><div class=\"sc_icons_item sc_icons_item_linked\"><div class=\"sc_icons_icon sc_icons_icon_type_fontawesome fab fa-google\"\n\t\t\t\t\t\t style=\"color: #000000\"\t\t\t\t\t\t><span class=\"sc_icons_icon_type_fontawesome fab fa-google\"\n\t\t\t\t\t\t\t style=\"color: #000000\"\t\t\t\t\t\t><\/span><\/div><h4 class=\"sc_icons_title\"><span>Google Business<\/span><\/h4><a href=\"https:\/\/g.page\/MrPassionCoach\" class=\"sc_icons_link\"><\/a><\/div><\/div><div class=\"trx_addons_column-1_3\"><div class=\"sc_icons_item sc_icons_item_linked\"><div class=\"sc_icons_icon sc_icons_icon_type_fontawesome icon-pagelines\"\n\t\t\t\t\t\t style=\"color: #000000\"\t\t\t\t\t\t><span class=\"sc_icons_icon_type_fontawesome icon-pagelines\"\n\t\t\t\t\t\t\t style=\"color: #000000\"\t\t\t\t\t\t><\/span><\/div><h4 class=\"sc_icons_title\"><span>Linktree<\/span><\/h4><a href=\"https:\/\/linktr.ee\/drpassion\" class=\"sc_icons_link\"><\/a><\/div><\/div><\/div><\/div><!-- \/.sc_icons -->[\/vc_column][vc_column width=\u00a0\u00bb3\/5&Prime; offset=\u00a0\u00bbvc_col-xs-12&Prime;]<div role=\"form\" class=\"wpcf7\" id=\"wpcf7-f3435-o1\" lang=\"fr-FR\" dir=\"ltr\">\n<div class=\"screen-reader-response\"><p role=\"status\" aria-live=\"polite\" aria-atomic=\"true\"><\/p> <ul><\/ul><\/div>\n<form action=\"\/fr\/wp-json\/wp\/v2\/pages\/3347#wpcf7-f3435-o1\" method=\"post\" class=\"wpcf7-form init\" novalidate=\"novalidate\" data-status=\"init\">\n<div style=\"display: none;\">\n<input type=\"hidden\" name=\"_wpcf7\" value=\"3435\" \/>\n<input type=\"hidden\" name=\"_wpcf7_version\" value=\"5.6.3\" \/>\n<input type=\"hidden\" name=\"_wpcf7_locale\" value=\"fr_FR\" \/>\n<input type=\"hidden\" name=\"_wpcf7_unit_tag\" value=\"wpcf7-f3435-o1\" \/>\n<input type=\"hidden\" name=\"_wpcf7_container_post\" value=\"0\" \/>\n<input type=\"hidden\" name=\"_wpcf7_posted_data_hash\" value=\"\" \/>\n<\/div>\n<div class=\"contact_me\">\n<div class=\"form_wrap\">\n<div class=\"form_details\">\n<label>Motif de connexion* <span class=\"wpcf7-form-control-wrap\" data-name=\"menu-649\"><select name=\"menu-649\" class=\"wpcf7-form-control wpcf7-select wpcf7-validates-as-required\" aria-required=\"true\" aria-invalid=\"false\"><option value=\"\">---<\/option><option value=\"Session gratuite\">Session gratuite<\/option><option value=\"Demande de coaching\">Demande de coaching<\/option><option value=\"Evenements\">Evenements<\/option><option value=\"Lettre d&#039;informations\">Lettre d&#039;informations<\/option><\/select><\/span><\/label><br \/>\n\t\t\t<label>Pr\u00e9nom* <span class=\"wpcf7-form-control-wrap\" data-name=\"your-firstname\"><input type=\"text\" name=\"your-firstname\" value=\"\" size=\"40\" class=\"wpcf7-form-control wpcf7-text wpcf7-validates-as-required\" aria-required=\"true\" aria-invalid=\"false\" \/><\/span><\/label><br \/>\n                        <label>Nom* <span class=\"wpcf7-form-control-wrap\" data-name=\"your-lastname\"><input type=\"text\" name=\"your-lastname\" value=\"\" size=\"40\" class=\"wpcf7-form-control wpcf7-text wpcf7-validates-as-required\" aria-required=\"true\" aria-invalid=\"false\" \/><\/span> <\/label><br \/>\n\t\t\t<label>Mail* <span class=\"wpcf7-form-control-wrap\" data-name=\"your-email\"><input type=\"email\" name=\"your-email\" value=\"\" size=\"40\" class=\"wpcf7-form-control wpcf7-text wpcf7-email wpcf7-validates-as-required wpcf7-validates-as-email\" aria-required=\"true\" aria-invalid=\"false\" \/><\/span> <\/label><br \/>\n                        <label>Soci\u00e9t\u00e9 <span class=\"wpcf7-form-control-wrap\" data-name=\"your-company\"><input type=\"text\" name=\"your-company\" value=\"\" size=\"40\" class=\"wpcf7-form-control wpcf7-text\" aria-invalid=\"false\" \/><\/span> <\/label><br \/>\n                        <label>T\u00e9l\u00e9phone <span class=\"wpcf7-form-control-wrap\" data-name=\"tel-362\"><input type=\"tel\" name=\"tel-362\" value=\"Inclure le code pays\" size=\"40\" class=\"wpcf7-form-control wpcf7-text wpcf7-tel wpcf7-validates-as-tel\" aria-invalid=\"false\" \/><\/span><\/label>\n\t\t<\/div>\n<div class=\"form_message\">\n<div>Dites m\u2019en un peu plus sur vous et sur ce que vous recherchez. <br\/> Merci de pr\u00e9ciser vos objectifs, exigences, budget.<\/div>\n<p>\t\t\t<label><span class=\"wpcf7-form-control-wrap\" data-name=\"textarea-863\"><textarea name=\"textarea-863\" cols=\"40\" rows=\"10\" class=\"wpcf7-form-control wpcf7-textarea wpcf7-validates-as-required homesize\" aria-required=\"true\" aria-invalid=\"false\">Votre message<\/textarea><\/span><\/label><br \/>\n<span class=\"wpcf7-form-control-wrap\" data-name=\"acceptance-626\"><span class=\"wpcf7-form-control wpcf7-acceptance\"><span class=\"wpcf7-list-item\"><label><input type=\"checkbox\" name=\"acceptance-626\" value=\"1\" aria-invalid=\"false\" \/><span class=\"wpcf7-list-item-label\">Je suis d\u2019accord pour que mes coordonn\u00e9es soient collect\u00e9es et stock\u00e9es.<\/span><\/label><\/span><\/span><\/span>\t<\/p>\n<\/div>\n<\/div>\n<div class=\"form_send\">\n\t<input type=\"submit\" value=\"RESERVEZ UNE SEANCE GRATUITE\" class=\"wpcf7-form-control has-spinner wpcf7-submit\" \/><\/p>\n<\/div>\n<\/div>\n<div class=\"wpcf7-response-output\" aria-hidden=\"true\"><\/div><\/form><\/div>[\/vc_column][\/vc_row]<\/p>\n","protected":false},"excerpt":{"rendered":"<p>[vc_row equal_height=\u00a0\u00bbyes\u00a0\u00bb content_placement=\u00a0\u00bbtop\u00a0\u00bb css=\u00a0\u00bb.vc_custom_1658429212850{margin-top: 15% !important;padding-right: 10% !important;padding-bottom: 10% !important;padding-left: 10% !important;background-color: #cd1337 !important;}\u00a0\u00bb][vc_column width=\u00a0\u00bb1\/3&Prime;][vc_single_image image=\u00a0\u00bb2826&Prime; img_size=\u00a0\u00bblarge\u00a0\u00bb css=\u00a0\u00bb.vc_custom_1666050843991{padding-top: 50px !important;}\u00a0\u00bb][\/vc_column][vc_column width=\u00a0\u00bb2\/3&Prime; css=\u00a0\u00bb.vc_custom_1658429286159{padding-top: 0px !important;}\u00a0\u00bb][vc_custom_heading text=\u00a0\u00bbCONTACTER DR. PASSION\u00a0\u00bb font_container=\u00a0\u00bbtag:h2|text_align:left|color:%23ffffff\u00a0\u00bb use_theme_fonts=\u00a0\u00bbyes\u00a0\u00bb css=\u00a0\u00bb.vc_custom_1672599055599{padding-top: 0px !important;}\u00a0\u00bb][vc_column_text css=\u00a0\u00bb.vc_custom_1677432972066{padding-bottom: 15% !important;}\u00a0\u00bb] Chaque fois qu&rsquo;on me demande d&rsquo;aider une personne dans son voyage de d\u00e9couverte de soi, je sais que ce sera le d\u00e9but d&rsquo;un grand voyage&hellip;<\/p>\n","protected":false},"author":1,"featured_media":0,"parent":0,"menu_order":0,"comment_status":"closed","ping_status":"closed","template":"","meta":{"content-type":"","_monsterinsights_skip_tracking":false,"_monsterinsights_sitenote_active":false,"_monsterinsights_sitenote_note":"","_monsterinsights_sitenote_category":0,"_EventAllDay":false,"_EventTimezone":"","_EventStartDate":"","_EventEndDate":"","_EventStartDateUTC":"","_EventEndDateUTC":"","_EventShowMap":false,"_EventShowMapLink":false,"_EventURL":"","_EventCost":"","_EventCostDescription":"","_EventCurrencySymbol":"","_EventCurrencyCode":"","_EventCurrencyPosition":"","_EventDateTimeSeparator":"","_EventTimeRangeSeparator":"","_EventOrganizerID":[],"_EventVenueID":0,"_OrganizerEmail":"","_OrganizerPhone":"","_OrganizerWebsite":"","_VenueAddress":"","_VenueCity":"","_VenueCountry":"","_VenueProvince":"","_VenueZip":"","_VenuePhone":"","_VenueURL":"","_VenueStateProvince":"","_VenueLat":"","_VenueLng":""},"yoast_head":"<!-- This site is optimized with the Yoast SEO plugin v19.7.1 - https:\/\/yoast.com\/wordpress\/plugins\/seo\/ -->\n<title>Sok-Ho Trinh | Live With Purpose And Passion | Finding Purpose<\/title>\n<meta name=\"description\" content=\"Dr Passion combines professional coaching with academic theory and practical action. Discover your purpose to make change and drive success.\" \/>\n<meta name=\"robots\" content=\"index, follow, max-snippet:-1, max-image-preview:large, max-video-preview:-1\" \/>\n<link rel=\"canonical\" href=\"https:\/\/work.sokhotrinh.com\/fr\/contact-individu\" \/>\n<meta property=\"og:locale\" content=\"fr_FR\" \/>\n<meta property=\"og:type\" content=\"article\" \/>\n<meta property=\"og:title\" content=\"Sok-Ho Trinh | Live With Purpose And Passion | Finding Purpose\" \/>\n<meta property=\"og:description\" content=\"Dr Passion combines professional coaching with academic theory and practical action. Discover your purpose to make change and drive success.\" \/>\n<meta property=\"og:url\" content=\"https:\/\/work.sokhotrinh.com\/fr\/contact-individu\" \/>\n<meta property=\"og:site_name\" content=\"Sok-Ho Trinh\" \/>\n<meta property=\"article:modified_time\" content=\"2023-02-26T17:36:21+00:00\" \/>\n<meta name=\"twitter:card\" content=\"summary_large_image\" \/>\n<meta name=\"twitter:label1\" content=\"Dur\u00e9e de lecture estim\u00e9e\" \/>\n\t<meta name=\"twitter:data1\" content=\"1 minute\" \/>\n<script type=\"application\/ld+json\" class=\"yoast-schema-graph\">{\"@context\":\"https:\/\/schema.org\",\"@graph\":[{\"@type\":\"WebPage\",\"@id\":\"https:\/\/work.sokhotrinh.com\/fr\/contact-individu\",\"url\":\"https:\/\/work.sokhotrinh.com\/fr\/contact-individu\",\"name\":\"Sok-Ho Trinh | Live With Purpose And Passion | Finding Purpose\",\"isPartOf\":{\"@id\":\"https:\/\/work.sokhotrinh.com\/fr#website\"},\"datePublished\":\"2022-10-03T08:47:20+00:00\",\"dateModified\":\"2023-02-26T17:36:21+00:00\",\"description\":\"Dr Passion combines professional coaching with academic theory and practical action. Discover your purpose to make change and drive success.\",\"breadcrumb\":{\"@id\":\"https:\/\/work.sokhotrinh.com\/fr\/contact-individu#breadcrumb\"},\"inLanguage\":\"fr-FR\",\"potentialAction\":[{\"@type\":\"ReadAction\",\"target\":[\"https:\/\/work.sokhotrinh.com\/fr\/contact-individu\"]}]},{\"@type\":\"BreadcrumbList\",\"@id\":\"https:\/\/work.sokhotrinh.com\/fr\/contact-individu#breadcrumb\",\"itemListElement\":[{\"@type\":\"ListItem\",\"position\":1,\"name\":\"Home\",\"item\":\"https:\/\/work.sokhotrinh.com\/fr\"},{\"@type\":\"ListItem\",\"position\":2,\"name\":\"Contact individu\"}]},{\"@type\":\"WebSite\",\"@id\":\"https:\/\/work.sokhotrinh.com\/fr#website\",\"url\":\"https:\/\/work.sokhotrinh.com\/fr\",\"name\":\"Sok-Ho Trinh\",\"description\":\"Passionologist | Coach | Social scientist\u00a0\",\"publisher\":{\"@id\":\"https:\/\/work.sokhotrinh.com\/fr#organization\"},\"potentialAction\":[{\"@type\":\"SearchAction\",\"target\":{\"@type\":\"EntryPoint\",\"urlTemplate\":\"https:\/\/work.sokhotrinh.com\/fr?s={search_term_string}\"},\"query-input\":\"required name=search_term_string\"}],\"inLanguage\":\"fr-FR\"},{\"@type\":\"Organization\",\"@id\":\"https:\/\/work.sokhotrinh.com\/fr#organization\",\"name\":\"Sok-Ho Trinh | Live With Purpose And Passion\",\"url\":\"https:\/\/work.sokhotrinh.com\/fr\",\"sameAs\":[],\"logo\":{\"@type\":\"ImageObject\",\"inLanguage\":\"fr-FR\",\"@id\":\"https:\/\/work.sokhotrinh.com\/fr#\/schema\/logo\/image\/\",\"url\":\"https:\/\/work.sokhotrinh.com\/wp-content\/uploads\/2020\/04\/Sokhotrinh.com-logos-SIMPE-web.png\",\"contentUrl\":\"https:\/\/work.sokhotrinh.com\/wp-content\/uploads\/2020\/04\/Sokhotrinh.com-logos-SIMPE-web.png\",\"width\":2500,\"height\":600,\"caption\":\"Sok-Ho Trinh | Live With Purpose And Passion\"},\"image\":{\"@id\":\"https:\/\/work.sokhotrinh.com\/fr#\/schema\/logo\/image\/\"}}]}<\/script>\n<!-- \/ Yoast SEO plugin. -->","yoast_head_json":{"title":"Sok-Ho Trinh | Live With Purpose And Passion | Finding Purpose","description":"Dr Passion combines professional coaching with academic theory and practical action. Discover your purpose to make change and drive success.","robots":{"index":"index","follow":"follow","max-snippet":"max-snippet:-1","max-image-preview":"max-image-preview:large","max-video-preview":"max-video-preview:-1"},"canonical":"https:\/\/work.sokhotrinh.com\/fr\/contact-individu","og_locale":"fr_FR","og_type":"article","og_title":"Sok-Ho Trinh | Live With Purpose And Passion | Finding Purpose","og_description":"Dr Passion combines professional coaching with academic theory and practical action. Discover your purpose to make change and drive success.","og_url":"https:\/\/work.sokhotrinh.com\/fr\/contact-individu","og_site_name":"Sok-Ho Trinh","article_modified_time":"2023-02-26T17:36:21+00:00","twitter_card":"summary_large_image","twitter_misc":{"Dur\u00e9e de lecture estim\u00e9e":"1 minute"},"schema":{"@context":"https:\/\/schema.org","@graph":[{"@type":"WebPage","@id":"https:\/\/work.sokhotrinh.com\/fr\/contact-individu","url":"https:\/\/work.sokhotrinh.com\/fr\/contact-individu","name":"Sok-Ho Trinh | Live With Purpose And Passion | Finding Purpose","isPartOf":{"@id":"https:\/\/work.sokhotrinh.com\/fr#website"},"datePublished":"2022-10-03T08:47:20+00:00","dateModified":"2023-02-26T17:36:21+00:00","description":"Dr Passion combines professional coaching with academic theory and practical action. Discover your purpose to make change and drive success.","breadcrumb":{"@id":"https:\/\/work.sokhotrinh.com\/fr\/contact-individu#breadcrumb"},"inLanguage":"fr-FR","potentialAction":[{"@type":"ReadAction","target":["https:\/\/work.sokhotrinh.com\/fr\/contact-individu"]}]},{"@type":"BreadcrumbList","@id":"https:\/\/work.sokhotrinh.com\/fr\/contact-individu#breadcrumb","itemListElement":[{"@type":"ListItem","position":1,"name":"Home","item":"https:\/\/work.sokhotrinh.com\/fr"},{"@type":"ListItem","position":2,"name":"Contact individu"}]},{"@type":"WebSite","@id":"https:\/\/work.sokhotrinh.com\/fr#website","url":"https:\/\/work.sokhotrinh.com\/fr","name":"Sok-Ho Trinh","description":"Passionologist | Coach | Social scientist\u00a0","publisher":{"@id":"https:\/\/work.sokhotrinh.com\/fr#organization"},"potentialAction":[{"@type":"SearchAction","target":{"@type":"EntryPoint","urlTemplate":"https:\/\/work.sokhotrinh.com\/fr?s={search_term_string}"},"query-input":"required name=search_term_string"}],"inLanguage":"fr-FR"},{"@type":"Organization","@id":"https:\/\/work.sokhotrinh.com\/fr#organization","name":"Sok-Ho Trinh | Live With Purpose And Passion","url":"https:\/\/work.sokhotrinh.com\/fr","sameAs":[],"logo":{"@type":"ImageObject","inLanguage":"fr-FR","@id":"https:\/\/work.sokhotrinh.com\/fr#\/schema\/logo\/image\/","url":"https:\/\/work.sokhotrinh.com\/wp-content\/uploads\/2020\/04\/Sokhotrinh.com-logos-SIMPE-web.png","contentUrl":"https:\/\/work.sokhotrinh.com\/wp-content\/uploads\/2020\/04\/Sokhotrinh.com-logos-SIMPE-web.png","width":2500,"height":600,"caption":"Sok-Ho Trinh | Live With Purpose And Passion"},"image":{"@id":"https:\/\/work.sokhotrinh.com\/fr#\/schema\/logo\/image\/"}}]}},"_links":{"self":[{"href":"https:\/\/work.sokhotrinh.com\/fr\/wp-json\/wp\/v2\/pages\/3347"}],"collection":[{"href":"https:\/\/work.sokhotrinh.com\/fr\/wp-json\/wp\/v2\/pages"}],"about":[{"href":"https:\/\/work.sokhotrinh.com\/fr\/wp-json\/wp\/v2\/types\/page"}],"author":[{"embeddable":true,"href":"https:\/\/work.sokhotrinh.com\/fr\/wp-json\/wp\/v2\/users\/1"}],"replies":[{"embeddable":true,"href":"https:\/\/work.sokhotrinh.com\/fr\/wp-json\/wp\/v2\/comments?post=3347"}],"version-history":[{"count":6,"href":"https:\/\/work.sokhotrinh.com\/fr\/wp-json\/wp\/v2\/pages\/3347\/revisions"}],"predecessor-version":[{"id":3622,"href":"https:\/\/work.sokhotrinh.com\/fr\/wp-json\/wp\/v2\/pages\/3347\/revisions\/3622"}],"wp:attachment":[{"href":"https:\/\/work.sokhotrinh.com\/fr\/wp-json\/wp\/v2\/media?parent=3347"}],"curies":[{"name":"wp","href":"https:\/\/api.w.org\/{rel}","templated":true}]}}