{"id":3351,"date":"2022-10-16T10:54:46","date_gmt":"2022-10-16T10:54:46","guid":{"rendered":"https:\/\/work.sokhotrinh.com\/?page_id=3351"},"modified":"2023-01-27T14:50:21","modified_gmt":"2023-01-27T14:50:21","slug":"termes-et-conditions","status":"publish","type":"page","link":"https:\/\/work.sokhotrinh.com\/fr\/termes-et-conditions","title":{"rendered":"Termes et Conditions"},"content":{"rendered":"<p>L\u2019utilisation du site internet est soumis aux conditions d\u2019utilisation suivantes:<\/p>\n<ul>\n<li>Le contenu des pages est uniquement pour votre information et utilisation.<\/li>\n<li>Le site internet utilise des cookies pour contr\u00f4ler les pr\u00e9f\u00e9rences de navigation. Pour plus de d\u00e9tails sur les informations que nous pouvons stocker, voir notre <a href=\"https:\/\/work.sokhotrinh.com\/fr\/politique-de-confidentialite\">politique de confidentialit\u00e9<\/a>.<\/li>\n<li>Ni nous ni aucun tiers ne fournissons de garantie quant \u00e0 l&rsquo;exactitude, l&rsquo;actualit\u00e9, la performance, l&rsquo;exhaustivit\u00e9 ou l&rsquo;ad\u00e9quation des informations et des mat\u00e9riaux trouv\u00e9s ou offerts sur ce site Web pour un usage particulier. Vous reconnaissez que ces informations et mat\u00e9riels peuvent contenir des inexactitudes ou des erreurs et nous excluons express\u00e9ment toute responsabilit\u00e9 pour de telles inexactitudes ou erreurs dans toute la mesure permise par la loi.<\/li>\n<li>L&rsquo;utilisation de toute information ou mat\u00e9riel sur ce site web est enti\u00e8rement \u00e0 vos risques et p\u00e9rils, pour lesquels nous ne serons pas responsables. Il vous appartient de vous assurer que les produits, services ou informations disponibles sur ce site Web r\u00e9pondent \u00e0 vos besoins sp\u00e9cifiques.<\/li>\n<li>Ce site internet contient des informations qui nous appartiennent ou que nous utilisons sous licence. Ce contenu comprend, sans s&rsquo;y limiter, la conception, la mise en page, l&rsquo;aspect, l&rsquo;apparence et les graphiques. La reproduction est interdite autrement que conform\u00e9ment \u00e0 l&rsquo;avis de droit d&rsquo;auteur, qui fait partie de ces conditions g\u00e9n\u00e9rales.<\/li>\n<li>Toutes les marques commerciales reproduites sur ce site internet qui ne sont pas la propri\u00e9t\u00e9 de l&rsquo;op\u00e9rateur ou qui ne lui sont pas conc\u00e9d\u00e9es sous licence sont reconnues sur le site internet.<\/li>\n<li>L&rsquo;utilisation non autoris\u00e9e de ce site internet peut donner lieu \u00e0 une demande de dommages-int\u00e9r\u00eats et\/ou constituer une infraction p\u00e9nale.<\/li>\n<li>Ce site internet peut parfois \u00e9galement inclure des liens vers d&rsquo;autres sites web. Ces liens sont fournis pour votre confort afin de fournir des informations suppl\u00e9mentaires. Ils ne signifient pas que nous approuvons le(s) site(s) internet. Nous ne sommes pas responsables du contenu de ces sites.<\/li>\n<li>Votre utilisation de ce site internet et tout litige r\u00e9sultant de cette utilisation sont soumis aux lois de l&rsquo;Angleterre, de l&rsquo;Irlande du Nord, de l&rsquo;\u00c9cosse et du Pays de Galles.<\/li>\n<\/ul>\n","protected":false},"excerpt":{"rendered":"<p>L\u2019utilisation du site internet est soumis aux conditions d\u2019utilisation suivantes: Le contenu des pages est uniquement pour votre information et utilisation. Le site internet utilise des cookies pour contr\u00f4ler les pr\u00e9f\u00e9rences de navigation. Pour plus de d\u00e9tails sur les informations que nous pouvons stocker, voir notre politique de confidentialit\u00e9. Ni nous ni aucun tiers ne fournissons de garantie quant \u00e0&hellip;<\/p>\n","protected":false},"author":1,"featured_media":0,"parent":0,"menu_order":0,"comment_status":"closed","ping_status":"closed","template":"","meta":{"content-type":"","_monsterinsights_skip_tracking":false,"_monsterinsights_sitenote_active":false,"_monsterinsights_sitenote_note":"","_monsterinsights_sitenote_category":0,"_EventAllDay":false,"_EventTimezone":"","_EventStartDate":"","_EventEndDate":"","_EventStartDateUTC":"","_EventEndDateUTC":"","_EventShowMap":false,"_EventShowMapLink":false,"_EventURL":"","_EventCost":"","_EventCostDescription":"","_EventCurrencySymbol":"","_EventCurrencyCode":"","_EventCurrencyPosition":"","_EventDateTimeSeparator":"","_EventTimeRangeSeparator":"","_EventOrganizerID":[],"_EventVenueID":0,"_OrganizerEmail":"","_OrganizerPhone":"","_OrganizerWebsite":"","_VenueAddress":"","_VenueCity":"","_VenueCountry":"","_VenueProvince":"","_VenueZip":"","_VenuePhone":"","_VenueURL":"","_VenueStateProvince":"","_VenueLat":"","_VenueLng":""},"yoast_head":"<!-- This site is optimized with the Yoast SEO plugin v19.7.1 - https:\/\/yoast.com\/wordpress\/plugins\/seo\/ -->\n<title>Termes et Conditions | Sok-Ho Trinh<\/title>\n<meta name=\"robots\" content=\"index, follow, max-snippet:-1, max-image-preview:large, max-video-preview:-1\" \/>\n<link rel=\"canonical\" href=\"https:\/\/work.sokhotrinh.com\/fr\/termes-et-conditions\" \/>\n<meta property=\"og:locale\" content=\"fr_FR\" \/>\n<meta property=\"og:type\" content=\"article\" \/>\n<meta property=\"og:title\" content=\"Termes et Conditions | Sok-Ho Trinh\" \/>\n<meta property=\"og:description\" content=\"L\u2019utilisation du site internet est soumis aux conditions d\u2019utilisation suivantes: Le contenu des pages est uniquement pour votre information et utilisation. Le site internet utilise des cookies pour contr\u00f4ler les pr\u00e9f\u00e9rences de navigation. Pour plus de d\u00e9tails sur les informations que nous pouvons stocker, voir notre politique de confidentialit\u00e9. Ni nous ni aucun tiers ne fournissons de garantie quant \u00e0&hellip;\" \/>\n<meta property=\"og:url\" content=\"https:\/\/work.sokhotrinh.com\/fr\/termes-et-conditions\" \/>\n<meta property=\"og:site_name\" content=\"Sok-Ho Trinh\" \/>\n<meta property=\"article:modified_time\" content=\"2023-01-27T14:50:21+00:00\" \/>\n<meta name=\"twitter:card\" content=\"summary_large_image\" \/>\n<meta name=\"twitter:label1\" content=\"Dur\u00e9e de lecture estim\u00e9e\" \/>\n\t<meta name=\"twitter:data1\" content=\"2 minutes\" \/>\n<script type=\"application\/ld+json\" class=\"yoast-schema-graph\">{\"@context\":\"https:\/\/schema.org\",\"@graph\":[{\"@type\":\"WebPage\",\"@id\":\"https:\/\/work.sokhotrinh.com\/fr\/termes-et-conditions\",\"url\":\"https:\/\/work.sokhotrinh.com\/fr\/termes-et-conditions\",\"name\":\"Termes et Conditions | Sok-Ho Trinh\",\"isPartOf\":{\"@id\":\"https:\/\/work.sokhotrinh.com\/fr#website\"},\"datePublished\":\"2022-10-16T10:54:46+00:00\",\"dateModified\":\"2023-01-27T14:50:21+00:00\",\"breadcrumb\":{\"@id\":\"https:\/\/work.sokhotrinh.com\/fr\/termes-et-conditions#breadcrumb\"},\"inLanguage\":\"fr-FR\",\"potentialAction\":[{\"@type\":\"ReadAction\",\"target\":[\"https:\/\/work.sokhotrinh.com\/fr\/termes-et-conditions\"]}]},{\"@type\":\"BreadcrumbList\",\"@id\":\"https:\/\/work.sokhotrinh.com\/fr\/termes-et-conditions#breadcrumb\",\"itemListElement\":[{\"@type\":\"ListItem\",\"position\":1,\"name\":\"Home\",\"item\":\"https:\/\/work.sokhotrinh.com\/fr\"},{\"@type\":\"ListItem\",\"position\":2,\"name\":\"Termes et Conditions\"}]},{\"@type\":\"WebSite\",\"@id\":\"https:\/\/work.sokhotrinh.com\/fr#website\",\"url\":\"https:\/\/work.sokhotrinh.com\/fr\",\"name\":\"Sok-Ho Trinh\",\"description\":\"Passionologist | Coach | Social scientist\u00a0\",\"publisher\":{\"@id\":\"https:\/\/work.sokhotrinh.com\/fr#organization\"},\"potentialAction\":[{\"@type\":\"SearchAction\",\"target\":{\"@type\":\"EntryPoint\",\"urlTemplate\":\"https:\/\/work.sokhotrinh.com\/fr?s={search_term_string}\"},\"query-input\":\"required name=search_term_string\"}],\"inLanguage\":\"fr-FR\"},{\"@type\":\"Organization\",\"@id\":\"https:\/\/work.sokhotrinh.com\/fr#organization\",\"name\":\"Sok-Ho Trinh | Live With Purpose And Passion\",\"url\":\"https:\/\/work.sokhotrinh.com\/fr\",\"sameAs\":[],\"logo\":{\"@type\":\"ImageObject\",\"inLanguage\":\"fr-FR\",\"@id\":\"https:\/\/work.sokhotrinh.com\/fr#\/schema\/logo\/image\/\",\"url\":\"https:\/\/work.sokhotrinh.com\/wp-content\/uploads\/2020\/04\/Sokhotrinh.com-logos-SIMPE-web.png\",\"contentUrl\":\"https:\/\/work.sokhotrinh.com\/wp-content\/uploads\/2020\/04\/Sokhotrinh.com-logos-SIMPE-web.png\",\"width\":2500,\"height\":600,\"caption\":\"Sok-Ho Trinh | Live With Purpose And Passion\"},\"image\":{\"@id\":\"https:\/\/work.sokhotrinh.com\/fr#\/schema\/logo\/image\/\"}}]}<\/script>\n<!-- \/ Yoast SEO plugin. -->","yoast_head_json":{"title":"Termes et Conditions | Sok-Ho Trinh","robots":{"index":"index","follow":"follow","max-snippet":"max-snippet:-1","max-image-preview":"max-image-preview:large","max-video-preview":"max-video-preview:-1"},"canonical":"https:\/\/work.sokhotrinh.com\/fr\/termes-et-conditions","og_locale":"fr_FR","og_type":"article","og_title":"Termes et Conditions | Sok-Ho Trinh","og_description":"L\u2019utilisation du site internet est soumis aux conditions d\u2019utilisation suivantes: Le contenu des pages est uniquement pour votre information et utilisation. Le site internet utilise des cookies pour contr\u00f4ler les pr\u00e9f\u00e9rences de navigation. Pour plus de d\u00e9tails sur les informations que nous pouvons stocker, voir notre politique de confidentialit\u00e9. Ni nous ni aucun tiers ne fournissons de garantie quant \u00e0&hellip;","og_url":"https:\/\/work.sokhotrinh.com\/fr\/termes-et-conditions","og_site_name":"Sok-Ho Trinh","article_modified_time":"2023-01-27T14:50:21+00:00","twitter_card":"summary_large_image","twitter_misc":{"Dur\u00e9e de lecture estim\u00e9e":"2 minutes"},"schema":{"@context":"https:\/\/schema.org","@graph":[{"@type":"WebPage","@id":"https:\/\/work.sokhotrinh.com\/fr\/termes-et-conditions","url":"https:\/\/work.sokhotrinh.com\/fr\/termes-et-conditions","name":"Termes et Conditions | Sok-Ho Trinh","isPartOf":{"@id":"https:\/\/work.sokhotrinh.com\/fr#website"},"datePublished":"2022-10-16T10:54:46+00:00","dateModified":"2023-01-27T14:50:21+00:00","breadcrumb":{"@id":"https:\/\/work.sokhotrinh.com\/fr\/termes-et-conditions#breadcrumb"},"inLanguage":"fr-FR","potentialAction":[{"@type":"ReadAction","target":["https:\/\/work.sokhotrinh.com\/fr\/termes-et-conditions"]}]},{"@type":"BreadcrumbList","@id":"https:\/\/work.sokhotrinh.com\/fr\/termes-et-conditions#breadcrumb","itemListElement":[{"@type":"ListItem","position":1,"name":"Home","item":"https:\/\/work.sokhotrinh.com\/fr"},{"@type":"ListItem","position":2,"name":"Termes et Conditions"}]},{"@type":"WebSite","@id":"https:\/\/work.sokhotrinh.com\/fr#website","url":"https:\/\/work.sokhotrinh.com\/fr","name":"Sok-Ho Trinh","description":"Passionologist | Coach | Social scientist\u00a0","publisher":{"@id":"https:\/\/work.sokhotrinh.com\/fr#organization"},"potentialAction":[{"@type":"SearchAction","target":{"@type":"EntryPoint","urlTemplate":"https:\/\/work.sokhotrinh.com\/fr?s={search_term_string}"},"query-input":"required name=search_term_string"}],"inLanguage":"fr-FR"},{"@type":"Organization","@id":"https:\/\/work.sokhotrinh.com\/fr#organization","name":"Sok-Ho Trinh | Live With Purpose And Passion","url":"https:\/\/work.sokhotrinh.com\/fr","sameAs":[],"logo":{"@type":"ImageObject","inLanguage":"fr-FR","@id":"https:\/\/work.sokhotrinh.com\/fr#\/schema\/logo\/image\/","url":"https:\/\/work.sokhotrinh.com\/wp-content\/uploads\/2020\/04\/Sokhotrinh.com-logos-SIMPE-web.png","contentUrl":"https:\/\/work.sokhotrinh.com\/wp-content\/uploads\/2020\/04\/Sokhotrinh.com-logos-SIMPE-web.png","width":2500,"height":600,"caption":"Sok-Ho Trinh | Live With Purpose And Passion"},"image":{"@id":"https:\/\/work.sokhotrinh.com\/fr#\/schema\/logo\/image\/"}}]}},"_links":{"self":[{"href":"https:\/\/work.sokhotrinh.com\/fr\/wp-json\/wp\/v2\/pages\/3351"}],"collection":[{"href":"https:\/\/work.sokhotrinh.com\/fr\/wp-json\/wp\/v2\/pages"}],"about":[{"href":"https:\/\/work.sokhotrinh.com\/fr\/wp-json\/wp\/v2\/types\/page"}],"author":[{"embeddable":true,"href":"https:\/\/work.sokhotrinh.com\/fr\/wp-json\/wp\/v2\/users\/1"}],"replies":[{"embeddable":true,"href":"https:\/\/work.sokhotrinh.com\/fr\/wp-json\/wp\/v2\/comments?post=3351"}],"version-history":[{"count":3,"href":"https:\/\/work.sokhotrinh.com\/fr\/wp-json\/wp\/v2\/pages\/3351\/revisions"}],"predecessor-version":[{"id":3484,"href":"https:\/\/work.sokhotrinh.com\/fr\/wp-json\/wp\/v2\/pages\/3351\/revisions\/3484"}],"wp:attachment":[{"href":"https:\/\/work.sokhotrinh.com\/fr\/wp-json\/wp\/v2\/media?parent=3351"}],"curies":[{"name":"wp","href":"https:\/\/api.w.org\/{rel}","templated":true}]}}