{"id":3354,"date":"2018-07-11T08:06:23","date_gmt":"2018-07-11T08:06:23","guid":{"rendered":"https:\/\/work.sokhotrinh.com\/?page_id=3354"},"modified":"2023-01-27T13:02:03","modified_gmt":"2023-01-27T13:02:03","slug":"politique-de-confidentialite","status":"publish","type":"page","link":"https:\/\/work.sokhotrinh.com\/fr\/politique-de-confidentialite","title":{"rendered":"Politique de confidentialit\u00e9"},"content":{"rendered":"<p>La pr\u00e9sente politique de confidentialit\u00e9 d\u00e9finit la mani\u00e8re dont Sok-Ho Trinh Limited, agissant sous le nom de <em>Dr. Passion<\/em>, utilise et prot\u00e8ge les informations que vous fournissez lorsque vous utilisez ce site internet.<\/p>\n<p><em>Dr. Passion<\/em> s&rsquo;engage \u00e0 assurer la protection de votre vie priv\u00e9e. Si nous vous demandons de fournir certaines informations lorsque vous faites une demande de renseignements ou que vous vous inscrivez \u00e0 la lettre d\u2019information de <em>Dr. Passion<\/em> ou \u00e0 tout autre support promotionnel, ces informations ne seront utilis\u00e9es que conform\u00e9ment \u00e0 la pr\u00e9sente politique de confidentialit\u00e9.<\/p>\n<p>Nous pouvons modifier cette politique r\u00e9guli\u00e8rement en mettant \u00e0 jour cette page. Vous devez v\u00e9rifier cette page de temps en temps pour vous assurer que vous \u00eates satisfait de tout changement. Cette politique entre en vigueur le 11<sup>th<\/sup> juillet 2022.<\/p>\n<p>Les donn\u00e9es que nous pouvons collecter:<\/p>\n<ul>\n<li>Nom<\/li>\n<li>Soci\u00e9t\u00e9<\/li>\n<li>Titre de poste<\/li>\n<li>Adresse \u00e9lectronique<\/li>\n<li>Num\u00e9ro de t\u00e9l\u00e9phone<\/li>\n<\/ul>\n<p>Nous avons besoin de ces informations pour nos propres dossiers internes. Et pour que nous puissions vous identifier clairement et r\u00e9pondre de mani\u00e8re appropri\u00e9e \u00e0 votre demande.<\/p>\n<p><strong>Cookies<\/strong><\/p>\n<p>Ce site internet utilise des cookies qui sont stockes sur votre navigateur. Vous pouvez g\u00e9n\u00e9ralement modifier les param\u00e8tres de votre navigateur pour \u00e9viter que cela ne se produise. Cependant, en d\u00e9sactivant les cookies, vous risquez de compromettre votre exp\u00e9rience utilisateur ou d&#8217;emp\u00eacher le site web de fonctionner totalement.<\/p>\n<p>Certains cookies utilis\u00e9s sur ce site web recueillent des informations sur la fa\u00e7on dont les visiteurs utilisent un site web. Par exemple, quelles sont les pages que les visiteurs consultent le plus souvent et s&rsquo;ils re\u00e7oivent des messages d&rsquo;erreur sur les pages internet.<\/p>\n<p>Ces cookies ne collectent pas d&rsquo;informations permettant d&rsquo;identifier un visiteur. Toutes les informations que ces cookies collectent sont regroup\u00e9es et donc anonymes. Elles sont uniquement utilis\u00e9es pour am\u00e9liorer le fonctionnement d&rsquo;un site web. Les cookies peuvent \u00e9galement \u00eatre utilis\u00e9s pour optimiser l&rsquo;exp\u00e9rience de l&rsquo;utilisateur et pour activer certaines des fonctionnalit\u00e9s du site web.<\/p>\n<p>Veuillez noter que certains cookies peuvent \u00eatre install\u00e9s par des prestataires de services externes qui remplissent certaines de ces fonctions (ou d&rsquo;autres services) pour nous. Des cookies sont utilis\u00e9s sur ce site web pour les services externes suivants: Google Analytics, Hubspot, boutons de suivi des m\u00e9dias sociaux. Certains de ces services peuvent \u00eatre utilis\u00e9s pour suivre votre comportement sur d&rsquo;autres sites web. Nous n&rsquo;avons aucun contr\u00f4le sur ce point.<\/p>\n<p>En continuant \u00e0 utiliser ce site web sans ajuster les param\u00e8tres des cookies de votre navigateur, vous acceptez que <em>Dr. Passion<\/em> puisse placer ces cookies sur votre appareil.<\/p>\n<p><strong>Suivi des visiteurs du site<\/strong><\/p>\n<p>Comme la plupart des sites Web, le site de <em>Dr. Passion<\/em> utilise Google Analytics pour suivre l&rsquo;interaction des utilisateurs. <em>Dr. Passion<\/em> utilise ces donn\u00e9es pour suivre le nombre de personnes qui utilisent notre site et pour mieux comprendre comment elles trouvent et utilisent le site.<\/p>\n<p>Bien que Google Analytics enregistre des donn\u00e9es telles que votre localisation et le type d&rsquo;appareil, aucune de ces informations ne permet de vous identifier personnellement aupr\u00e8s de <em>Dr. Passion<\/em>. Google Analytics enregistre \u00e9galement l&rsquo;adresse IP de votre ordinateur qui pourrait \u00eatre utilis\u00e9e pour vous identifier personnellement. Mais, Google ne nous donne pas acc\u00e8s \u00e0 cette information.<\/p>\n<p><strong>S\u00e9curit\u00e9<\/strong><\/p>\n<p><em>Dr. Passion<\/em> s&rsquo;engage \u00e0 assurer la s\u00e9curit\u00e9 de vos informations. Afin d&#8217;emp\u00eacher tout acc\u00e8s ou toute divulgation non autoris\u00e9s, nous avons mis en place des proc\u00e9dures \u00e9lectroniques et de gestion appropri\u00e9es pour sauvegarder et s\u00e9curiser les informations que nous recueillons en ligne.<\/p>\n<p><strong>Liens vers d&rsquo;autres sites web<\/strong><\/p>\n<p>Notre site web peut contenir des liens vers d&rsquo;autres sites web susceptibles de vous int\u00e9resser. Toutefois, une fois que vous avez utilis\u00e9 ces liens pour quitter notre site, vous devez savoir que nous n&rsquo;avons aucun contr\u00f4le sur ces autres sites web. Nous ne pouvons donc pas \u00eatre responsables de la protection et de la confidentialit\u00e9 des informations que vous fournissez lorsque vous visitez ces sites. Ces sites ne sont pas r\u00e9gis par la pr\u00e9sente d\u00e9claration de confidentialit\u00e9. Vous voudrez peut-\u00eatre v\u00e9rifier les d\u00e9clarations de confidentialit\u00e9 applicables aux sites web en question.<\/p>\n<p><strong>Contr\u00f4le de vos informations personnelles<\/strong><\/p>\n<p>Nous ne vendrons pas, ne distribuerons pas et ne divulguerons pas vos informations personnelles \u00e0 des entreprises tierces, sauf si nous avons votre autorisation pr\u00e9alable ou si la loi nous y oblige.<\/p>\n<p>Toute question<\/p>\n<p>Veuillez envoyer un courriel \u00e0 work@sokhotrinh.com si vous avez d&rsquo;autres questions concernant vos donn\u00e9es personnelles.<\/p>\n<p>&nbsp;<\/p>\n","protected":false},"excerpt":{"rendered":"<p>La pr\u00e9sente politique de confidentialit\u00e9 d\u00e9finit la mani\u00e8re dont Sok-Ho Trinh Limited, agissant sous le nom de Dr. Passion, utilise et prot\u00e8ge les informations que vous fournissez lorsque vous utilisez ce site internet. Dr. Passion s&rsquo;engage \u00e0 assurer la protection de votre vie priv\u00e9e. Si nous vous demandons de fournir certaines informations lorsque vous faites une demande de renseignements ou&hellip;<\/p>\n","protected":false},"author":1,"featured_media":0,"parent":0,"menu_order":0,"comment_status":"closed","ping_status":"closed","template":"","meta":{"content-type":"","_monsterinsights_skip_tracking":false,"_monsterinsights_sitenote_active":false,"_monsterinsights_sitenote_note":"","_monsterinsights_sitenote_category":0,"_EventAllDay":false,"_EventTimezone":"","_EventStartDate":"","_EventEndDate":"","_EventStartDateUTC":"","_EventEndDateUTC":"","_EventShowMap":false,"_EventShowMapLink":false,"_EventURL":"","_EventCost":"","_EventCostDescription":"","_EventCurrencySymbol":"","_EventCurrencyCode":"","_EventCurrencyPosition":"","_EventDateTimeSeparator":"","_EventTimeRangeSeparator":"","_EventOrganizerID":[],"_EventVenueID":0,"_OrganizerEmail":"","_OrganizerPhone":"","_OrganizerWebsite":"","_VenueAddress":"","_VenueCity":"","_VenueCountry":"","_VenueProvince":"","_VenueZip":"","_VenuePhone":"","_VenueURL":"","_VenueStateProvince":"","_VenueLat":"","_VenueLng":""},"yoast_head":"<!-- This site is optimized with the Yoast SEO plugin v19.7.1 - https:\/\/yoast.com\/wordpress\/plugins\/seo\/ -->\n<title>Politique de confidentialit\u00e9 | Sok-Ho Trinh<\/title>\n<meta name=\"robots\" content=\"index, follow, max-snippet:-1, max-image-preview:large, max-video-preview:-1\" \/>\n<link rel=\"canonical\" href=\"https:\/\/work.sokhotrinh.com\/fr\/politique-de-confidentialite\" \/>\n<meta property=\"og:locale\" content=\"fr_FR\" \/>\n<meta property=\"og:type\" content=\"article\" \/>\n<meta property=\"og:title\" content=\"Politique de confidentialit\u00e9 | Sok-Ho Trinh\" \/>\n<meta property=\"og:description\" content=\"La pr\u00e9sente politique de confidentialit\u00e9 d\u00e9finit la mani\u00e8re dont Sok-Ho Trinh Limited, agissant sous le nom de Dr. Passion, utilise et prot\u00e8ge les informations que vous fournissez lorsque vous utilisez ce site internet. Dr. Passion s&rsquo;engage \u00e0 assurer la protection de votre vie priv\u00e9e. Si nous vous demandons de fournir certaines informations lorsque vous faites une demande de renseignements ou&hellip;\" \/>\n<meta property=\"og:url\" content=\"https:\/\/work.sokhotrinh.com\/fr\/politique-de-confidentialite\" \/>\n<meta property=\"og:site_name\" content=\"Sok-Ho Trinh\" \/>\n<meta property=\"article:modified_time\" content=\"2023-01-27T13:02:03+00:00\" \/>\n<meta name=\"twitter:card\" content=\"summary_large_image\" \/>\n<meta name=\"twitter:label1\" content=\"Dur\u00e9e de lecture estim\u00e9e\" \/>\n\t<meta name=\"twitter:data1\" content=\"4 minutes\" \/>\n<script type=\"application\/ld+json\" class=\"yoast-schema-graph\">{\"@context\":\"https:\/\/schema.org\",\"@graph\":[{\"@type\":\"WebPage\",\"@id\":\"https:\/\/work.sokhotrinh.com\/fr\/politique-de-confidentialite\",\"url\":\"https:\/\/work.sokhotrinh.com\/fr\/politique-de-confidentialite\",\"name\":\"Politique de confidentialit\u00e9 | Sok-Ho Trinh\",\"isPartOf\":{\"@id\":\"https:\/\/work.sokhotrinh.com\/fr#website\"},\"datePublished\":\"2018-07-11T08:06:23+00:00\",\"dateModified\":\"2023-01-27T13:02:03+00:00\",\"breadcrumb\":{\"@id\":\"https:\/\/work.sokhotrinh.com\/fr\/politique-de-confidentialite#breadcrumb\"},\"inLanguage\":\"fr-FR\",\"potentialAction\":[{\"@type\":\"ReadAction\",\"target\":[\"https:\/\/work.sokhotrinh.com\/fr\/politique-de-confidentialite\"]}]},{\"@type\":\"BreadcrumbList\",\"@id\":\"https:\/\/work.sokhotrinh.com\/fr\/politique-de-confidentialite#breadcrumb\",\"itemListElement\":[{\"@type\":\"ListItem\",\"position\":1,\"name\":\"Home\",\"item\":\"https:\/\/work.sokhotrinh.com\/fr\"},{\"@type\":\"ListItem\",\"position\":2,\"name\":\"Politique de confidentialit\u00e9\"}]},{\"@type\":\"WebSite\",\"@id\":\"https:\/\/work.sokhotrinh.com\/fr#website\",\"url\":\"https:\/\/work.sokhotrinh.com\/fr\",\"name\":\"Sok-Ho Trinh\",\"description\":\"Passionologist | Coach | Social scientist\u00a0\",\"publisher\":{\"@id\":\"https:\/\/work.sokhotrinh.com\/fr#organization\"},\"potentialAction\":[{\"@type\":\"SearchAction\",\"target\":{\"@type\":\"EntryPoint\",\"urlTemplate\":\"https:\/\/work.sokhotrinh.com\/fr?s={search_term_string}\"},\"query-input\":\"required name=search_term_string\"}],\"inLanguage\":\"fr-FR\"},{\"@type\":\"Organization\",\"@id\":\"https:\/\/work.sokhotrinh.com\/fr#organization\",\"name\":\"Sok-Ho Trinh | Live With Purpose And Passion\",\"url\":\"https:\/\/work.sokhotrinh.com\/fr\",\"sameAs\":[],\"logo\":{\"@type\":\"ImageObject\",\"inLanguage\":\"fr-FR\",\"@id\":\"https:\/\/work.sokhotrinh.com\/fr#\/schema\/logo\/image\/\",\"url\":\"https:\/\/work.sokhotrinh.com\/wp-content\/uploads\/2020\/04\/Sokhotrinh.com-logos-SIMPE-web.png\",\"contentUrl\":\"https:\/\/work.sokhotrinh.com\/wp-content\/uploads\/2020\/04\/Sokhotrinh.com-logos-SIMPE-web.png\",\"width\":2500,\"height\":600,\"caption\":\"Sok-Ho Trinh | Live With Purpose And Passion\"},\"image\":{\"@id\":\"https:\/\/work.sokhotrinh.com\/fr#\/schema\/logo\/image\/\"}}]}<\/script>\n<!-- \/ Yoast SEO plugin. -->","yoast_head_json":{"title":"Politique de confidentialit\u00e9 | Sok-Ho Trinh","robots":{"index":"index","follow":"follow","max-snippet":"max-snippet:-1","max-image-preview":"max-image-preview:large","max-video-preview":"max-video-preview:-1"},"canonical":"https:\/\/work.sokhotrinh.com\/fr\/politique-de-confidentialite","og_locale":"fr_FR","og_type":"article","og_title":"Politique de confidentialit\u00e9 | Sok-Ho Trinh","og_description":"La pr\u00e9sente politique de confidentialit\u00e9 d\u00e9finit la mani\u00e8re dont Sok-Ho Trinh Limited, agissant sous le nom de Dr. Passion, utilise et prot\u00e8ge les informations que vous fournissez lorsque vous utilisez ce site internet. Dr. Passion s&rsquo;engage \u00e0 assurer la protection de votre vie priv\u00e9e. Si nous vous demandons de fournir certaines informations lorsque vous faites une demande de renseignements ou&hellip;","og_url":"https:\/\/work.sokhotrinh.com\/fr\/politique-de-confidentialite","og_site_name":"Sok-Ho Trinh","article_modified_time":"2023-01-27T13:02:03+00:00","twitter_card":"summary_large_image","twitter_misc":{"Dur\u00e9e de lecture estim\u00e9e":"4 minutes"},"schema":{"@context":"https:\/\/schema.org","@graph":[{"@type":"WebPage","@id":"https:\/\/work.sokhotrinh.com\/fr\/politique-de-confidentialite","url":"https:\/\/work.sokhotrinh.com\/fr\/politique-de-confidentialite","name":"Politique de confidentialit\u00e9 | Sok-Ho Trinh","isPartOf":{"@id":"https:\/\/work.sokhotrinh.com\/fr#website"},"datePublished":"2018-07-11T08:06:23+00:00","dateModified":"2023-01-27T13:02:03+00:00","breadcrumb":{"@id":"https:\/\/work.sokhotrinh.com\/fr\/politique-de-confidentialite#breadcrumb"},"inLanguage":"fr-FR","potentialAction":[{"@type":"ReadAction","target":["https:\/\/work.sokhotrinh.com\/fr\/politique-de-confidentialite"]}]},{"@type":"BreadcrumbList","@id":"https:\/\/work.sokhotrinh.com\/fr\/politique-de-confidentialite#breadcrumb","itemListElement":[{"@type":"ListItem","position":1,"name":"Home","item":"https:\/\/work.sokhotrinh.com\/fr"},{"@type":"ListItem","position":2,"name":"Politique de confidentialit\u00e9"}]},{"@type":"WebSite","@id":"https:\/\/work.sokhotrinh.com\/fr#website","url":"https:\/\/work.sokhotrinh.com\/fr","name":"Sok-Ho Trinh","description":"Passionologist | Coach | Social scientist\u00a0","publisher":{"@id":"https:\/\/work.sokhotrinh.com\/fr#organization"},"potentialAction":[{"@type":"SearchAction","target":{"@type":"EntryPoint","urlTemplate":"https:\/\/work.sokhotrinh.com\/fr?s={search_term_string}"},"query-input":"required name=search_term_string"}],"inLanguage":"fr-FR"},{"@type":"Organization","@id":"https:\/\/work.sokhotrinh.com\/fr#organization","name":"Sok-Ho Trinh | Live With Purpose And Passion","url":"https:\/\/work.sokhotrinh.com\/fr","sameAs":[],"logo":{"@type":"ImageObject","inLanguage":"fr-FR","@id":"https:\/\/work.sokhotrinh.com\/fr#\/schema\/logo\/image\/","url":"https:\/\/work.sokhotrinh.com\/wp-content\/uploads\/2020\/04\/Sokhotrinh.com-logos-SIMPE-web.png","contentUrl":"https:\/\/work.sokhotrinh.com\/wp-content\/uploads\/2020\/04\/Sokhotrinh.com-logos-SIMPE-web.png","width":2500,"height":600,"caption":"Sok-Ho Trinh | Live With Purpose And Passion"},"image":{"@id":"https:\/\/work.sokhotrinh.com\/fr#\/schema\/logo\/image\/"}}]}},"_links":{"self":[{"href":"https:\/\/work.sokhotrinh.com\/fr\/wp-json\/wp\/v2\/pages\/3354"}],"collection":[{"href":"https:\/\/work.sokhotrinh.com\/fr\/wp-json\/wp\/v2\/pages"}],"about":[{"href":"https:\/\/work.sokhotrinh.com\/fr\/wp-json\/wp\/v2\/types\/page"}],"author":[{"embeddable":true,"href":"https:\/\/work.sokhotrinh.com\/fr\/wp-json\/wp\/v2\/users\/1"}],"replies":[{"embeddable":true,"href":"https:\/\/work.sokhotrinh.com\/fr\/wp-json\/wp\/v2\/comments?post=3354"}],"version-history":[{"count":1,"href":"https:\/\/work.sokhotrinh.com\/fr\/wp-json\/wp\/v2\/pages\/3354\/revisions"}],"predecessor-version":[{"id":3355,"href":"https:\/\/work.sokhotrinh.com\/fr\/wp-json\/wp\/v2\/pages\/3354\/revisions\/3355"}],"wp:attachment":[{"href":"https:\/\/work.sokhotrinh.com\/fr\/wp-json\/wp\/v2\/media?parent=3354"}],"curies":[{"name":"wp","href":"https:\/\/api.w.org\/{rel}","templated":true}]}}